{"id":1767,"date":"2026-03-25T17:48:27","date_gmt":"2026-03-25T17:48:27","guid":{"rendered":"https:\/\/releaseprint2.zello.hu\/?page_id=1767"},"modified":"2026-04-30T06:21:15","modified_gmt":"2026-04-30T06:21:15","slug":"kellekek-es-alkatreszek","status":"publish","type":"page","link":"https:\/\/releaseprint.hu\/en\/kellekek-es-alkatreszek\/","title":{"rendered":"kell\u00e9kek \u00e9s alkatr\u00e9szek"},"content":{"rendered":"<section class=\"bde-section-1767-100 bde-section\">\n              \n  \n  \n\t    \n      <div class=\"section-background-video\">\n              <video\n          autoplay\n muted\n playsinline\n loop\n>\n        <source src=\"https:\/\/releaseprint.hu\/wp-content\/uploads\/2026\/04\/release_alkatreszek.mp4\" type=\"video\/mp4\" \/>\n      <\/video>\n      <\/div>\n\n\n  <div class=\"section-background-overlay\"><\/div>\n\n\n<div class=\"section-container\"><div class=\"bde-div-1767-101 bde-div\">\n  \n  \n\t\n\n\n\n<h1 class=\"bde-heading-1767-103 bde-heading\">\nCut your operating costs the smart way.\n<\/h1><div class=\"bde-text-1767-136 bde-text\">\nFactory-new, lightly used, and refurbished supplies.\n<\/div><div class=\"bde-div-1767-105 bde-div\">\n  \n  \n\t\n\n\n\n<div class=\"bde-button-1767-106 bde-button\">\n    \n                        \n                        \n    \n    \n    \n    \n            \n                    \n            \n            \n\n    \n    \n    \n    \n    \n    <a class=\"breakdance-link button-atom button-atom--primary bde-button__button\" href=\"https:\/\/releaseprint.hu\/en\/login\/\" target=\"_self\" data-type=\"url\"  >\n\n    \n        <span class=\"button-atom__text\">I'll check the inventory<\/span>\n\n        \n        \n                <\/a>\n\n    \n\n\n<\/div>\n<\/div><div class=\"bde-stats-grid-1767-118 bde-stats-grid\">\n  <div class='bde-stats-grid_item'>\n        <h3 class='bde-stats-grid_number' >\n     Hungarian\n    <\/h3>\n    <p class='bde-stats-grid_text' >\n      factory\n    <\/p>\n  <\/div>\n  <div class='bde-stats-grid_item'>\n        <h3 class='bde-stats-grid_number' >\n     40 - 60%\n    <\/h3>\n    <p class='bde-stats-grid_text' >\n      savings\n    <\/p>\n  <\/div>\n  <div class='bde-stats-grid_item'>\n        <h3 class='bde-stats-grid_number' >\n     Environmentally friendly\n    <\/h3>\n    <p class='bde-stats-grid_text' >\n      choice\n    <\/p>\n  <\/div>\n\n<\/div>\n<\/div><\/div>\n<\/section><section class=\"bde-section-1767-119 bde-section\">\n  \n  \n\t\n\n\n\n<div class=\"section-container\"><div class=\"bde-columns-1767-120 bde-columns\"><div class=\"bde-column-1767-121 bde-column\">\n  \n  \n\t\n\n\n\n<h2 class=\"bde-heading-1767-122 bde-heading\">\nFactory-new, barely used supplies\n<\/h2><div class=\"bde-text-1767-123 bde-text\">\nThese genuine parts come from low-mileage vehicles. We subject every part to rigorous technical inspections to ensure performance. This way, you get premium quality at a fraction of the price of new parts.\n<\/div><div class=\"bde-rich-text-1767-147 bde-rich-text breakdance-rich-text-styles\">\n<ul><li>Drums<\/li><li>Toners<\/li><li>Fixatives<\/li><\/ul>\n<\/div><div class=\"bde-button-1767-148 bde-button\">\n    \n                        \n                        \n    \n    \n    \n    \n            \n                    \n            \n            \n\n    \n    \n    \n    \n    \n    <a class=\"breakdance-link button-atom button-atom--primary bde-button__button\" href=\"https:\/\/releaseprint.hu\/en\/login\/\" target=\"_self\" data-type=\"url\"  >\n\n    \n        <span class=\"button-atom__text\">I'll check the inventory<\/span>\n\n        \n        \n                <\/a>\n\n    \n\n\n<\/div>\n<\/div><div class=\"bde-column-1767-124 bde-column\">\n  \n  \n\t\n\n\n\n<div class=\"bde-columns-1767-125 bde-columns\"><div class=\"bde-column-1767-126 bde-column\">\n  \n  \n\t\n\n\n\n<div class=\"bde-icon-box-1767-127 bde-icon-box\" data-entrance=\"slideRight\">\n\n    \n            <div class=\"ee-iconbox-icon breakdance-icon-atom\" >\n    \n                    <svg xmlns=\"http:\/\/www.w3.org\/2000\/svg\" viewbox=\"0 0 512 512\"><!--! Font Awesome Free 6.5.1 by @fontawesome - https:\/\/fontawesome.com License - https:\/\/fontawesome.com\/license\/free (Icons: CC BY 4.0, Fonts: SIL OFL 1.1, Code: MIT License) Copyright 2023 Fonticons, Inc. --><path d=\"M142.9 142.9c62.2-62.2 162.7-62.5 225.3-1L327 183c-6.9 6.9-8.9 17.2-5.2 26.2s12.5 14.8 22.2 14.8H463.5c0 0 0 0 0 0H472c13.3 0 24-10.7 24-24V72c0-9.7-5.8-18.5-14.8-22.2s-19.3-1.7-26.2 5.2L413.4 96.6c-87.6-86.5-228.7-86.2-315.8 1C73.2 122 55.6 150.7 44.8 181.4c-5.9 16.7 2.9 34.9 19.5 40.8s34.9-2.9 40.8-19.5c7.7-21.8 20.2-42.3 37.8-59.8zM16 312v7.6 .7V440c0 9.7 5.8 18.5 14.8 22.2s19.3 1.7 26.2-5.2l41.6-41.6c87.6 86.5 228.7 86.2 315.8-1c24.4-24.4 42.1-53.1 52.9-83.7c5.9-16.7-2.9-34.9-19.5-40.8s-34.9 2.9-40.8 19.5c-7.7 21.8-20.2 42.3-37.8 59.8c-62.2 62.2-162.7 62.5-225.3 1L185 329c6.9-6.9 8.9-17.2 5.2-26.2s-12.5-14.8-22.2-14.8H48.4h-.7H40c-13.3 0-24 10.7-24 24z\"\/><\/svg>\n        \n        \n        \n            <\/div>\n    \n\n<div class=\"ee-iconbox-content\">\n      <p class=\"ee-iconbox-title bde-h3\" >Status<\/p>\n        <div class=\"ee-iconbox-text\" >Running at 0\u201320%<\/div>\n    <\/div>\n\n<\/div>\n<\/div><div class=\"bde-column-1767-144 bde-column\">\n  \n  \n\t\n\n\n\n<div class=\"bde-icon-box-1767-145 bde-icon-box\" data-entrance=\"slideRight\">\n\n    \n            <div class=\"ee-iconbox-icon breakdance-icon-atom\" >\n    \n                    <svg xmlns=\"http:\/\/www.w3.org\/2000\/svg\" viewbox=\"0 0 576 512\"><!--! Font Awesome Free 6.5.1 by @fontawesome - https:\/\/fontawesome.com License - https:\/\/fontawesome.com\/license\/free (Icons: CC BY 4.0, Fonts: SIL OFL 1.1, Code: MIT License) Copyright 2023 Fonticons, Inc. --><path d=\"M547.6 103.8L490.3 13.1C485.2 5 476.1 0 466.4 0H109.6C99.9 0 90.8 5 85.7 13.1L28.3 103.8c-29.6 46.8-3.4 111.9 51.9 119.4c4 .5 8.1 .8 12.1 .8c26.1 0 49.3-11.4 65.2-29c15.9 17.6 39.1 29 65.2 29c26.1 0 49.3-11.4 65.2-29c15.9 17.6 39.1 29 65.2 29c26.2 0 49.3-11.4 65.2-29c16 17.6 39.1 29 65.2 29c4.1 0 8.1-.3 12.1-.8c55.5-7.4 81.8-72.5 52.1-119.4zM499.7 254.9l-.1 0c-5.3 .7-10.7 1.1-16.2 1.1c-12.4 0-24.3-1.9-35.4-5.3V384H128V250.6c-11.2 3.5-23.2 5.4-35.6 5.4c-5.5 0-11-.4-16.3-1.1l-.1 0c-4.1-.6-8.1-1.3-12-2.3V384v64c0 35.3 28.7 64 64 64H448c35.3 0 64-28.7 64-64V384 252.6c-4 1-8 1.8-12.3 2.3z\"\/><\/svg>\n        \n        \n        \n            <\/div>\n    \n\n<div class=\"ee-iconbox-content\">\n      <p class=\"ee-iconbox-title bde-h3\" >Information<\/p>\n        <div class=\"ee-iconbox-text\" >in stock, ready to ship<\/div>\n    <\/div>\n\n<\/div>\n<\/div><div class=\"bde-column-1767-142 bde-column\">\n  \n  \n\t\n\n\n\n<div class=\"bde-icon-box-1767-143 bde-icon-box\" data-entrance=\"slideRight\">\n\n    \n            <div class=\"ee-iconbox-icon breakdance-icon-atom\" >\n    \n                    <svg xmlns=\"http:\/\/www.w3.org\/2000\/svg\" viewbox=\"0 0 320 512\"><!--! Font Awesome Free 6.5.1 by @fontawesome - https:\/\/fontawesome.com License - https:\/\/fontawesome.com\/license\/free (Icons: CC BY 4.0, Fonts: SIL OFL 1.1, Code: MIT License) Copyright 2023 Fonticons, Inc. --><path d=\"M160 0c17.7 0 32 14.3 32 32V67.7c1.6 .2 3.1 .4 4.7 .7c.4 .1 .7 .1 1.1 .2l48 8.8c17.4 3.2 28.9 19.9 25.7 37.2s-19.9 28.9-37.2 25.7l-47.5-8.7c-31.3-4.6-58.9-1.5-78.3 6.2s-27.2 18.3-29 28.1c-2 10.7-.5 16.7 1.2 20.4c1.8 3.9 5.5 8.3 12.8 13.2c16.3 10.7 41.3 17.7 73.7 26.3l2.9 .8c28.6 7.6 63.6 16.8 89.6 33.8c14.2 9.3 27.6 21.9 35.9 39.5c8.5 17.9 10.3 37.9 6.4 59.2c-6.9 38-33.1 63.4-65.6 76.7c-13.7 5.6-28.6 9.2-44.4 11V480c0 17.7-14.3 32-32 32s-32-14.3-32-32V445.1c-.4-.1-.9-.1-1.3-.2l-.2 0 0 0c-24.4-3.8-64.5-14.3-91.5-26.3c-16.1-7.2-23.4-26.1-16.2-42.2s26.1-23.4 42.2-16.2c20.9 9.3 55.3 18.5 75.2 21.6c31.9 4.7 58.2 2 76-5.3c16.9-6.9 24.6-16.9 26.8-28.9c1.9-10.6 .4-16.7-1.3-20.4c-1.9-4-5.6-8.4-13-13.3c-16.4-10.7-41.5-17.7-74-26.3l-2.8-.7 0 0C119.4 279.3 84.4 270 58.4 253c-14.2-9.3-27.5-22-35.8-39.6c-8.4-17.9-10.1-37.9-6.1-59.2C23.7 116 52.3 91.2 84.8 78.3c13.3-5.3 27.9-8.9 43.2-11V32c0-17.7 14.3-32 32-32z\"\/><\/svg>\n        \n        \n        \n            <\/div>\n    \n\n<div class=\"ee-iconbox-content\">\n      <p class=\"ee-iconbox-title bde-h3\" >Savings<\/p>\n        <div class=\"ee-iconbox-text\" >up to 50%<\/div>\n    <\/div>\n\n<\/div>\n<\/div><\/div><div class=\"bde-button-1767-195 bde-button\">\n    \n                        \n                        \n    \n    \n    \n    \n            \n                    \n            \n            \n\n    \n    \n    \n    \n    \n    <a class=\"breakdance-link button-atom button-atom--primary bde-button__button\" href=\"https:\/\/releaseprint.hu\/en\/login\/\" target=\"_self\" data-type=\"url\"  >\n\n    \n        <span class=\"button-atom__text\">I'll check the inventory<\/span>\n\n        \n        \n                <\/a>\n\n    \n\n\n<\/div>\n<\/div><\/div><\/div>\n<\/section><section class=\"bde-section-1767-149 bde-section\">\n  \n  \n\t\n\n\n\n<div class=\"section-container\"><div class=\"bde-columns-1767-150 bde-columns\"><div class=\"bde-column-1767-151 bde-column\">\n  \n  \n\t\n\n\n\n<h2 class=\"bde-heading-1767-152 bde-heading\">\nRefurbished supplies\n<\/h2><div class=\"bde-text-1767-153 bde-text\">\nThey look brand new, but are up to 60% cheaper. Every item undergoes professional refurbishment at our factory in Hungary and arrives clean and boxed.\n<\/div><div class=\"bde-rich-text-1767-154 bde-rich-text breakdance-rich-text-styles\">\n<ul><li><div class=\"elementToProof\" role=\"presentation\">Drums<\/div><\/li><li><div class=\"elementToProof\" role=\"presentation\">Fixatives<\/div><\/li><li><div class=\"elementToProof\" role=\"presentation\">Internal transfer<\/div><\/li><li><div class=\"elementToProof\" role=\"presentation\">Developers<\/div><\/li><\/ul>\n<\/div><div class=\"bde-button-1767-155 bde-button\">\n    \n                        \n                        \n    \n    \n    \n    \n            \n                    \n            \n            \n\n    \n    \n    \n    \n    \n    <a class=\"breakdance-link button-atom button-atom--primary bde-button__button\" href=\"https:\/\/releaseprint.hu\/en\/login\/\" target=\"_self\" data-type=\"url\"  >\n\n    \n        <span class=\"button-atom__text\">I'll check the inventory<\/span>\n\n        \n        \n                <\/a>\n\n    \n\n\n<\/div>\n<\/div><div class=\"bde-column-1767-156 bde-column\">\n  \n  \n\t\n\n\n\n<div class=\"bde-columns-1767-157 bde-columns\"><div class=\"bde-column-1767-158 bde-column\">\n  \n  \n\t\n\n\n\n<div class=\"bde-icon-box-1767-159 bde-icon-box\" data-entrance=\"slideRight\">\n\n    \n            <div class=\"ee-iconbox-icon breakdance-icon-atom\" >\n    \n                    <svg xmlns=\"http:\/\/www.w3.org\/2000\/svg\" id=\"icon-gift\" viewbox=\"0 0 32 32\">\n<path d=\"M24.11 10c0.566-0.402 1.11-0.851 1.608-1.348 1.044-1.044 1.742-2.328 1.966-3.616 0.246-1.412-0.115-2.723-0.988-3.597-0.697-0.697-1.641-1.065-2.73-1.065-1.551 0-3.185 0.744-4.483 2.043-2.077 2.077-3.288 4.945-3.94 6.991-0.482-2.056-1.444-4.833-3.313-6.702-1.003-1.003-2.285-1.518-3.495-1.518-0.989 0-1.931 0.344-2.633 1.046-1.562 1.562-1.351 4.306 0.471 6.128 0.65 0.65 1.409 1.189 2.21 1.638h-6.782v8h2v14h24v-14h2v-8h-5.89zM21.073 4.007c0.866-0.866 1.948-1.384 2.892-1.384 0.334 0 0.803 0.070 1.139 0.406 0.813 0.813 0.357 2.697-0.977 4.031-1.373 1.373-3.221 2.318-4.826 2.939h-1.584c0.58-1.798 1.627-4.264 3.356-5.993zM7.31 5.028c-0.022-0.285-0.002-0.82 0.381-1.203 0.32-0.32 0.743-0.387 1.042-0.387v0c0.664 0 1.358 0.313 1.904 0.859 1.059 1.058 1.93 2.743 2.521 4.871 0.016 0.057 0.031 0.115 0.047 0.171-0.057-0.015-0.114-0.031-0.171-0.047-2.128-0.591-3.813-1.462-4.871-2.521-0.495-0.495-0.805-1.13-0.853-1.743zM14 30h-8v-13h8v13zM14 16h-10v-4h10v4zM26 30h-8v-13h8v13zM28 16h-10v-4h10v4z\"\/>\n<\/svg>\n        \n        \n        \n            <\/div>\n    \n\n<div class=\"ee-iconbox-content\">\n      <p class=\"ee-iconbox-title bde-h3\" >Discount<\/p>\n        <div class=\"ee-iconbox-text\" >50% off your first purchase of supplies<\/div>\n    <\/div>\n\n<\/div>\n<\/div><div class=\"bde-column-1767-160 bde-column\">\n  \n  \n\t\n\n\n\n<div class=\"bde-icon-box-1767-161 bde-icon-box\" data-entrance=\"slideRight\">\n\n    \n            <div class=\"ee-iconbox-icon breakdance-icon-atom\" >\n    \n                    <svg xmlns=\"http:\/\/www.w3.org\/2000\/svg\" viewbox=\"0 0 576 512\"><!--! Font Awesome Free 6.5.1 by @fontawesome - https:\/\/fontawesome.com License - https:\/\/fontawesome.com\/license\/free (Icons: CC BY 4.0, Fonts: SIL OFL 1.1, Code: MIT License) Copyright 2023 Fonticons, Inc. --><path d=\"M547.6 103.8L490.3 13.1C485.2 5 476.1 0 466.4 0H109.6C99.9 0 90.8 5 85.7 13.1L28.3 103.8c-29.6 46.8-3.4 111.9 51.9 119.4c4 .5 8.1 .8 12.1 .8c26.1 0 49.3-11.4 65.2-29c15.9 17.6 39.1 29 65.2 29c26.1 0 49.3-11.4 65.2-29c15.9 17.6 39.1 29 65.2 29c26.2 0 49.3-11.4 65.2-29c16 17.6 39.1 29 65.2 29c4.1 0 8.1-.3 12.1-.8c55.5-7.4 81.8-72.5 52.1-119.4zM499.7 254.9l-.1 0c-5.3 .7-10.7 1.1-16.2 1.1c-12.4 0-24.3-1.9-35.4-5.3V384H128V250.6c-11.2 3.5-23.2 5.4-35.6 5.4c-5.5 0-11-.4-16.3-1.1l-.1 0c-4.1-.6-8.1-1.3-12-2.3V384v64c0 35.3 28.7 64 64 64H448c35.3 0 64-28.7 64-64V384 252.6c-4 1-8 1.8-12.3 2.3z\"\/><\/svg>\n        \n        \n        \n            <\/div>\n    \n\n<div class=\"ee-iconbox-content\">\n      <p class=\"ee-iconbox-title bde-h3\" >Information<\/p>\n        <div class=\"ee-iconbox-text\" >in stock, ready to ship<\/div>\n    <\/div>\n\n<\/div>\n<\/div><div class=\"bde-column-1767-162 bde-column\">\n  \n  \n\t\n\n\n\n<div class=\"bde-icon-box-1767-163 bde-icon-box\" data-entrance=\"slideRight\">\n\n    \n            <div class=\"ee-iconbox-icon breakdance-icon-atom\" >\n    \n                    <svg xmlns=\"http:\/\/www.w3.org\/2000\/svg\" viewbox=\"0 0 320 512\"><!--! Font Awesome Free 6.5.1 by @fontawesome - https:\/\/fontawesome.com License - https:\/\/fontawesome.com\/license\/free (Icons: CC BY 4.0, Fonts: SIL OFL 1.1, Code: MIT License) Copyright 2023 Fonticons, Inc. --><path d=\"M160 0c17.7 0 32 14.3 32 32V67.7c1.6 .2 3.1 .4 4.7 .7c.4 .1 .7 .1 1.1 .2l48 8.8c17.4 3.2 28.9 19.9 25.7 37.2s-19.9 28.9-37.2 25.7l-47.5-8.7c-31.3-4.6-58.9-1.5-78.3 6.2s-27.2 18.3-29 28.1c-2 10.7-.5 16.7 1.2 20.4c1.8 3.9 5.5 8.3 12.8 13.2c16.3 10.7 41.3 17.7 73.7 26.3l2.9 .8c28.6 7.6 63.6 16.8 89.6 33.8c14.2 9.3 27.6 21.9 35.9 39.5c8.5 17.9 10.3 37.9 6.4 59.2c-6.9 38-33.1 63.4-65.6 76.7c-13.7 5.6-28.6 9.2-44.4 11V480c0 17.7-14.3 32-32 32s-32-14.3-32-32V445.1c-.4-.1-.9-.1-1.3-.2l-.2 0 0 0c-24.4-3.8-64.5-14.3-91.5-26.3c-16.1-7.2-23.4-26.1-16.2-42.2s26.1-23.4 42.2-16.2c20.9 9.3 55.3 18.5 75.2 21.6c31.9 4.7 58.2 2 76-5.3c16.9-6.9 24.6-16.9 26.8-28.9c1.9-10.6 .4-16.7-1.3-20.4c-1.9-4-5.6-8.4-13-13.3c-16.4-10.7-41.5-17.7-74-26.3l-2.8-.7 0 0C119.4 279.3 84.4 270 58.4 253c-14.2-9.3-27.5-22-35.8-39.6c-8.4-17.9-10.1-37.9-6.1-59.2C23.7 116 52.3 91.2 84.8 78.3c13.3-5.3 27.9-8.9 43.2-11V32c0-17.7 14.3-32 32-32z\"\/><\/svg>\n        \n        \n        \n            <\/div>\n    \n\n<div class=\"ee-iconbox-content\">\n      <p class=\"ee-iconbox-title bde-h3\" >Savings<\/p>\n        <div class=\"ee-iconbox-text\" >ak\u00e1r 60%<\/div>\n    <\/div>\n\n<\/div>\n<\/div><\/div><div class=\"bde-button-1767-196 bde-button\">\n    \n                        \n                        \n    \n    \n    \n    \n            \n                    \n            \n            \n\n    \n    \n    \n    \n    \n    <a class=\"breakdance-link button-atom button-atom--primary bde-button__button\" href=\"https:\/\/releaseprint.hu\/en\/login\/\" target=\"_self\" data-type=\"url\"  >\n\n    \n        <span class=\"button-atom__text\">I'll check the inventory<\/span>\n\n        \n        \n                <\/a>\n\n    \n\n\n<\/div>\n<\/div><\/div><\/div>\n<\/section><section class=\"bde-section-1767-179 bde-section\">\n  \n  \n\t\n\n\n\n<div class=\"section-container\"><div class=\"bde-columns-1767-180 bde-columns\"><div class=\"bde-column-1767-181 bde-column\">\n  \n  \n\t\n\n\n\n<h2 class=\"bde-heading-1767-182 bde-heading\">\nEquipment refurbishment for our partners\n<\/h2><div class=\"bde-text-1767-183 bde-text\">\nWe\u2019ll refurbish your worn-out equipment in record time, for a fraction of the price of new equipment.\n<\/div><div class=\"bde-rich-text-1767-194 bde-rich-text breakdance-rich-text-styles\">\n<ul><li><div class=\"elementToProof\" role=\"presentation\">Drums<\/div><\/li><li><div class=\"elementToProof\" role=\"presentation\">Fixatives<\/div><\/li><li><div class=\"elementToProof\" role=\"presentation\">Internal transfer<\/div><\/li><li><div class=\"elementToProof\" role=\"presentation\">Developers<\/div><\/li><\/ul>\n<\/div><div class=\"bde-button-1767-185 bde-button\">\n    \n                        \n                        \n    \n    \n    \n    \n            \n                    \n            \n            \n\n    \n    \n    \n    \n    \n    <a class=\"breakdance-link button-atom button-atom--primary bde-button__button\" href=\"https:\/\/releaseprint.hu\/en\/kapcsolat\/\" target=\"_self\" data-type=\"url\"  >\n\n    \n        <span class=\"button-atom__text\">Aj\u00e1nlatot k\u00e9rek<\/span>\n\n        \n        \n                <\/a>\n\n    \n\n\n<\/div>\n<\/div><div class=\"bde-column-1767-186 bde-column\">\n  \n  \n\t\n\n\n\n<div class=\"bde-columns-1767-187 bde-columns\"><div class=\"bde-column-1767-188 bde-column\">\n  \n  \n\t\n\n\n\n<div class=\"bde-icon-box-1767-189 bde-icon-box\" data-entrance=\"slideRight\">\n\n    \n            <div class=\"ee-iconbox-icon breakdance-icon-atom\" >\n    \n                    <svg xmlns=\"http:\/\/www.w3.org\/2000\/svg\" id=\"icon-clock\" viewbox=\"0 0 32 32\">\n<path d=\"M20.586 23.414l-6.586-6.586v-8.828h4v7.172l5.414 5.414zM16 0c-8.837 0-16 7.163-16 16s7.163 16 16 16 16-7.163 16-16-7.163-16-16-16zM16 28c-6.627 0-12-5.373-12-12s5.373-12 12-12c6.627 0 12 5.373 12 12s-5.373 12-12 12z\"\/>\n<\/svg>\n        \n        \n        \n            <\/div>\n    \n\n<div class=\"ee-iconbox-content\">\n      <p class=\"ee-iconbox-title bde-h3\" >waiting time<\/p>\n        <div class=\"ee-iconbox-text\" >ready in as little as one day<\/div>\n    <\/div>\n\n<\/div>\n<\/div><div class=\"bde-column-1767-192 bde-column\">\n  \n  \n\t\n\n\n\n<div class=\"bde-icon-box-1767-193 bde-icon-box\" data-entrance=\"slideRight\">\n\n    \n            <div class=\"ee-iconbox-icon breakdance-icon-atom\" >\n    \n                    <svg xmlns=\"http:\/\/www.w3.org\/2000\/svg\" viewbox=\"0 0 320 512\"><!--! Font Awesome Free 6.5.1 by @fontawesome - https:\/\/fontawesome.com License - https:\/\/fontawesome.com\/license\/free (Icons: CC BY 4.0, Fonts: SIL OFL 1.1, Code: MIT License) Copyright 2023 Fonticons, Inc. --><path d=\"M160 0c17.7 0 32 14.3 32 32V67.7c1.6 .2 3.1 .4 4.7 .7c.4 .1 .7 .1 1.1 .2l48 8.8c17.4 3.2 28.9 19.9 25.7 37.2s-19.9 28.9-37.2 25.7l-47.5-8.7c-31.3-4.6-58.9-1.5-78.3 6.2s-27.2 18.3-29 28.1c-2 10.7-.5 16.7 1.2 20.4c1.8 3.9 5.5 8.3 12.8 13.2c16.3 10.7 41.3 17.7 73.7 26.3l2.9 .8c28.6 7.6 63.6 16.8 89.6 33.8c14.2 9.3 27.6 21.9 35.9 39.5c8.5 17.9 10.3 37.9 6.4 59.2c-6.9 38-33.1 63.4-65.6 76.7c-13.7 5.6-28.6 9.2-44.4 11V480c0 17.7-14.3 32-32 32s-32-14.3-32-32V445.1c-.4-.1-.9-.1-1.3-.2l-.2 0 0 0c-24.4-3.8-64.5-14.3-91.5-26.3c-16.1-7.2-23.4-26.1-16.2-42.2s26.1-23.4 42.2-16.2c20.9 9.3 55.3 18.5 75.2 21.6c31.9 4.7 58.2 2 76-5.3c16.9-6.9 24.6-16.9 26.8-28.9c1.9-10.6 .4-16.7-1.3-20.4c-1.9-4-5.6-8.4-13-13.3c-16.4-10.7-41.5-17.7-74-26.3l-2.8-.7 0 0C119.4 279.3 84.4 270 58.4 253c-14.2-9.3-27.5-22-35.8-39.6c-8.4-17.9-10.1-37.9-6.1-59.2C23.7 116 52.3 91.2 84.8 78.3c13.3-5.3 27.9-8.9 43.2-11V32c0-17.7 14.3-32 32-32z\"\/><\/svg>\n        \n        \n        \n            <\/div>\n    \n\n<div class=\"ee-iconbox-content\">\n      <p class=\"ee-iconbox-title bde-h3\" >Savings<\/p>\n        <div class=\"ee-iconbox-text\" >up to 70%<\/div>\n    <\/div>\n\n<\/div>\n<\/div><\/div><div class=\"bde-button-1767-197 bde-button\">\n    \n                        \n                        \n    \n    \n    \n    \n            \n                    \n            \n            \n\n    \n    \n    \n    \n    \n    <a class=\"breakdance-link button-atom button-atom--primary bde-button__button\" href=\"https:\/\/releaseprint.hu\/en\/kapcsolat\/\" target=\"_self\" data-type=\"url\"  >\n\n    \n        <span class=\"button-atom__text\">Aj\u00e1nlatot k\u00e9rek<\/span>\n\n        \n        \n                <\/a>\n\n    \n\n\n<\/div>\n<\/div><\/div><\/div>\n<\/section>","protected":false},"excerpt":{"rendered":"<p>Cs\u00f6kkentsd okosan az \u00fczemeltet\u00e9si k\u00f6lts\u00e9geidet. Gy\u00e1ri, minim\u00e1lisan haszn\u00e1lt \u00e9s fel\u00faj\u00edtott kell\u00e9kek. Megn\u00e9zem a k\u00e9szletet Magyarorsz\u00e1gi gy\u00e1r 40 &#8211; 60% megtakar\u00edt\u00e1s K\u00f6rnyezetbar\u00e1t v\u00e1laszt\u00e1s Gy\u00e1ri, minim\u00e1lisan haszn\u00e1lt kell\u00e9kek Ezek az eredeti kell\u00e9kek alacsony fut\u00e1steljes\u00edtm\u00e9ny\u0171 berendez\u00e9sekb\u0151l sz\u00e1rmaznak. Minden darabot szigor\u00fa technikai ellen\u0151rz\u00e9snek vet\u00fcnk al\u00e1, hogy garant\u00e1ljuk a teljes\u00edtm\u00e9nyt. \u00cdgy pr\u00e9mium min\u0151s\u00e9ghez juthatsz az \u00fajkori \u00e1r t\u00f6red\u00e9k\u00e9\u00e9rt. DobokTonerekFix\u00e1l\u00f3k Megn\u00e9zem [&hellip;]<\/p>\n","protected":false},"author":255,"featured_media":0,"parent":0,"menu_order":0,"comment_status":"closed","ping_status":"closed","template":"","meta":{"_acf_changed":false,"_breakdance_hide_in_design_set":false,"_breakdance_tags":"","footnotes":""},"class_list":["post-1767","page","type-page","status-publish","hentry"],"acf":[],"_links":{"self":[{"href":"https:\/\/releaseprint.hu\/en\/wp-json\/wp\/v2\/pages\/1767","targetHints":{"allow":["GET"]}}],"collection":[{"href":"https:\/\/releaseprint.hu\/en\/wp-json\/wp\/v2\/pages"}],"about":[{"href":"https:\/\/releaseprint.hu\/en\/wp-json\/wp\/v2\/types\/page"}],"author":[{"embeddable":true,"href":"https:\/\/releaseprint.hu\/en\/wp-json\/wp\/v2\/users\/255"}],"replies":[{"embeddable":true,"href":"https:\/\/releaseprint.hu\/en\/wp-json\/wp\/v2\/comments?post=1767"}],"version-history":[{"count":3,"href":"https:\/\/releaseprint.hu\/en\/wp-json\/wp\/v2\/pages\/1767\/revisions"}],"predecessor-version":[{"id":3863,"href":"https:\/\/releaseprint.hu\/en\/wp-json\/wp\/v2\/pages\/1767\/revisions\/3863"}],"wp:attachment":[{"href":"https:\/\/releaseprint.hu\/en\/wp-json\/wp\/v2\/media?parent=1767"}],"curies":[{"name":"wp","href":"https:\/\/api.w.org\/{rel}","templated":true}]}}