{"id":1808,"date":"2026-03-29T16:50:18","date_gmt":"2026-03-29T16:50:18","guid":{"rendered":"https:\/\/releaseprint2.zello.hu\/?page_id=1808"},"modified":"2026-05-11T10:42:29","modified_gmt":"2026-05-11T10:42:29","slug":"nyomtato-es-fenymasolo-szerviz","status":"publish","type":"page","link":"https:\/\/releaseprint.hu\/en\/nyomtato-es-fenymasolo-szerviz\/","title":{"rendered":"nyomtat\u00f3 \u00e9s f\u00e9nym\u00e1sol\u00f3 szerviz"},"content":{"rendered":"<section class=\"bde-section-1808-100 bde-section\">\n              \n  \n  \n\t    \n      <div class=\"section-background-video\">\n              <video\n          autoplay\n          muted\n                      playsinline\n                                loop\n                          >\n        <source src=\"https:\/\/releaseprint.hu\/wp-content\/uploads\/2026\/04\/release_components.mp4\" type=\"video\/mp4\" \/>\n      <\/video>\n      <\/div>\n\n\n  <div class=\"section-background-overlay\"><\/div>\n\n\n<div class=\"section-container\"><div class=\"bde-div-1808-101 bde-div\">\n  \n  \n\t\n\n\n\n<h1 class=\"bde-heading-1808-103 bde-heading\">\nProfesszion\u00e1lis nyomtat\u00f3 \u00e9s f\u00e9nym\u00e1sol\u00f3 szerviz\n<\/h1><div class=\"bde-stats-grid-1808-106 bde-stats-grid\">\n  <div class='bde-stats-grid_item'>\n        <h3 class='bde-stats-grid_number' >\n     Ingyenes \n    <\/h3>\n    <p class='bde-stats-grid_text' >\n      felm\u00e9r\u00e9s\n    <\/p>\n  <\/div>\n  <div class='bde-stats-grid_item'>\n        <h3 class='bde-stats-grid_number' >\n     Profi\n    <\/h3>\n    <p class='bde-stats-grid_text' >\n      csapat\n    <\/p>\n  <\/div>\n  <div class='bde-stats-grid_item'>\n        <h3 class='bde-stats-grid_number' >\n     15+\n    <\/h3>\n    <p class='bde-stats-grid_text' >\n      \u00e9v tapasztalat\n    <\/p>\n  <\/div>\n\n<\/div>\n<\/div><\/div>\n<\/section><section class=\"bde-section-1808-107 bde-section\">\n  \n  \n\t\n\n\n\n<div class=\"section-container\"><div class=\"bde-div-1808-108 bde-div\">\n  \n  \n\t\n\n\n\n<h2 class=\"bde-heading-1808-109 bde-heading\">\nA v\u00e1llalt t\u00edpusok list\u00e1ja\n<\/h2><div class=\"bde-button-1808-118 bde-button\">\n    \n                        \n                        \n    \n    \n    \n    \n            \n            <button type=\"button\" class=\"button-atom button-atom--primary bde-button__button\"  >\n    \n        <span class=\"button-atom__text\">Megn\u00e9zem a list\u00e1t<\/span>\n\n        \n        \n            <\/button>\n    \n\n\n<\/div>\n<\/div><\/div>\n<\/section><section class=\"bde-section-1808-195 bde-section\">\n  \n  \n\t\n\n\n\n<div class=\"section-container\"><h2 class=\"bde-heading-1808-196 bde-heading\">\nA szervizel\u00e9s menete\n<\/h2><div class=\"bde-div-1808-198 bde-div\">\n  \n  \n\t\n\n\n\n<div class=\"bde-div-1808-199 bde-div\" data-entrance=\"slideLeft\">\n  \n  \n\t\n\n\n\n<h3 class=\"bde-heading-1808-200 bde-heading\">\nHozd be hozz\u00e1nk\n<\/h3><div class=\"bde-text-1808-201 bde-text\">\nIg\u00e9ny eset\u00e9n a sz\u00e1ll\u00edt\u00e1st is megoldjuk\n<\/div>\n<\/div><div class=\"bde-div-1808-202 bde-div\">\n  \n  \n\t\n\n\n\n<div class=\"bde-icon-1808-203 bde-icon\">\n\n    \n            <div class=\"bde-icon-icon breakdance-icon-atom\" >\n    \n                    <svg xmlns=\"http:\/\/www.w3.org\/2000\/svg\" viewBox=\"0 0 256 512\"><!--! Font Awesome Free 6.5.1 by @fontawesome - https:\/\/fontawesome.com License - https:\/\/fontawesome.com\/license\/free (Icons: CC BY 4.0, Fonts: SIL OFL 1.1, Code: MIT License) Copyright 2023 Fonticons, Inc. --><path d=\"M160 64c0-11.8-6.5-22.6-16.9-28.2s-23-5-32.8 1.6l-96 64C-.5 111.2-4.4 131 5.4 145.8s29.7 18.7 44.4 8.9L96 123.8V416H32c-17.7 0-32 14.3-32 32s14.3 32 32 32h96 96c17.7 0 32-14.3 32-32s-14.3-32-32-32H160V64z\"\/><\/svg>\n        \n        \n        \n            <\/div>\n    \n\n\n<\/div><div class=\"bde-div-1808-204 bde-div\">\n  \n  \n\t\n\n\n\n\n<\/div>\n<\/div>\n<\/div><div class=\"bde-div-1808-205 bde-div\">\n  \n  \n\t\n\n\n\n<div class=\"bde-div-1808-206 bde-div\">\n  \n  \n\t\n\n\n\n<div class=\"bde-icon-1808-207 bde-icon\">\n\n    \n            <div class=\"bde-icon-icon breakdance-icon-atom\" >\n    \n                    <svg xmlns=\"http:\/\/www.w3.org\/2000\/svg\" viewBox=\"0 0 320 512\"><!--! Font Awesome Free 6.5.1 by @fontawesome - https:\/\/fontawesome.com License - https:\/\/fontawesome.com\/license\/free (Icons: CC BY 4.0, Fonts: SIL OFL 1.1, Code: MIT License) Copyright 2023 Fonticons, Inc. --><path d=\"M142.9 96c-21.5 0-42.2 8.5-57.4 23.8L54.6 150.6c-12.5 12.5-32.8 12.5-45.3 0s-12.5-32.8 0-45.3L40.2 74.5C67.5 47.3 104.4 32 142.9 32C223 32 288 97 288 177.1c0 38.5-15.3 75.4-42.5 102.6L109.3 416H288c17.7 0 32 14.3 32 32s-14.3 32-32 32H32c-12.9 0-24.6-7.8-29.6-19.8s-2.2-25.7 6.9-34.9L200.2 234.5c15.2-15.2 23.8-35.9 23.8-57.4c0-44.8-36.3-81.1-81.1-81.1z\"\/><\/svg>\n        \n        \n        \n            <\/div>\n    \n\n\n<\/div><div class=\"bde-div-1808-208 bde-div\">\n  \n  \n\t\n\n\n\n\n<\/div>\n<\/div><div class=\"bde-div-1808-209 bde-div\" data-entrance=\"slideRight\">\n  \n  \n\t\n\n\n\n<h3 class=\"bde-heading-1808-210 bde-heading\">\nIngyenes felm\u00e9r\u00e9s\n<\/h3><div class=\"bde-text-1808-211 bde-text\">\nAlaposan \u00e1tn\u00e9zz\u00fck a g\u00e9pet\n<\/div>\n<\/div>\n<\/div><div class=\"bde-div-1808-212 bde-div\">\n  \n  \n\t\n\n\n\n<div class=\"bde-div-1808-213 bde-div\" data-entrance=\"slideLeft\">\n  \n  \n\t\n\n\n\n<h3 class=\"bde-heading-1808-214 bde-heading\">\nJav\u00edt\u00e1s\n<\/h3><div class=\"bde-text-1808-215 bde-text\">\nAz \u00e1raj\u00e1nlat elfogad\u00e1sa ut\u00e1n elv\u00e9gezz\u00fck a jav\u00edt\u00e1st\n<\/div>\n<\/div><div class=\"bde-div-1808-216 bde-div\">\n  \n  \n\t\n\n\n\n<div class=\"bde-icon-1808-217 bde-icon\">\n\n    \n            <div class=\"bde-icon-icon breakdance-icon-atom\" >\n    \n                    <svg xmlns=\"http:\/\/www.w3.org\/2000\/svg\" viewBox=\"0 0 320 512\"><!--! Font Awesome Free 6.5.1 by @fontawesome - https:\/\/fontawesome.com License - https:\/\/fontawesome.com\/license\/free (Icons: CC BY 4.0, Fonts: SIL OFL 1.1, Code: MIT License) Copyright 2023 Fonticons, Inc. --><path d=\"M0 64C0 46.3 14.3 32 32 32H272c13.2 0 25 8.1 29.8 20.4s1.5 26.3-8.2 35.2L162.3 208H184c75.1 0 136 60.9 136 136s-60.9 136-136 136H105.4C63 480 24.2 456 5.3 418.1l-1.9-3.8c-7.9-15.8-1.5-35 14.3-42.9s35-1.5 42.9 14.3l1.9 3.8c8.1 16.3 24.8 26.5 42.9 26.5H184c39.8 0 72-32.2 72-72s-32.2-72-72-72H80c-13.2 0-25-8.1-29.8-20.4s-1.5-26.3 8.2-35.2L189.7 96H32C14.3 96 0 81.7 0 64z\"\/><\/svg>\n        \n        \n        \n            <\/div>\n    \n\n\n<\/div>\n<\/div>\n<\/div><\/div>\n<\/section><section class=\"bde-section-1808-232 bde-section\">\n  \n  \n\t\n\n\n\n<div class=\"section-container\"><h3 class=\"bde-heading-1808-233 bde-heading\">\nGyakran ism\u00e9telt k\u00e9rd\u00e9sek\n<\/h3><div class=\"bde-frequently-asked-questions-1808-236 bde-frequently-asked-questions\">\n      <div class=\"bde-faq__item\">\n      <h3 class=\"bde-faq__title-tag\">\n       <button id=\"bde-faq-236-button-1\" aria-expanded=\"false\" aria-controls=\"bde-faq-236-1\" class=\"bde-faq__question js-faq-item\">\n          <span class=\"bde-faq__title\">Milyen a g\u00e9pek nyomatsz\u00e1ma, felszerelts\u00e9ge \u00e9s \u00e1llapota?<\/span>\n                           <div aria-hidden=\"true\" class=\"bde-faq__icon bde-faq__icon--inactive\">\n                                <svg xmlns=\"http:\/\/www.w3.org\/2000\/svg\" width=\"24\" height=\"24\" fill-rule=\"evenodd\" clip-rule=\"evenodd\"><path d=\"M12 0c6.623 0 12 5.377 12 12s-5.377 12-12 12-12-5.377-12-12 5.377-12 12-12zm0 1c6.071 0 11 4.929 11 11s-4.929 11-11 11-11-4.929-11-11 4.929-11 11-11zm5.247 8l-5.247 6.44-5.263-6.44-.737.678 6 7.322 6-7.335-.753-.665z\"\/><\/svg>\n                            <\/div>\n         \t  <div aria-hidden=\"true\" class=\"bde-faq__icon bde-faq__icon--active\">\n                                <svg xmlns=\"http:\/\/www.w3.org\/2000\/svg\" width=\"24\" height=\"24\" fill-rule=\"evenodd\" clip-rule=\"evenodd\"><path d=\"M12 0c6.623 0 12 5.377 12 12s-5.377 12-12 12-12-5.377-12-12 5.377-12 12-12zm0 1c6.071 0 11 4.929 11 11s-4.929 11-11 11-11-4.929-11-11 4.929-11 11-11zm5.247 15l-5.247-6.44-5.263 6.44-.737-.678 6-7.322 6 7.335-.753.665z\"\/><\/svg>\n                            <\/div>\n                  <\/button>\n      <\/h3>\n      <div role=\"region\" aria-labelledby=\"bde-faq-236-button-1\" id=\"bde-faq-236-1\" class=\"bde-faq__answer\">\n        <div class=\"bde-faq__answer-content\">\n            <div class=\"breakdance-rich-text-styles\"><p>A nagy k\u00e9szlet \u00e9s a folyamatos mozg\u00e1s miatt nem mindig tudjuk naprak\u00e9szen felt\u00f6lteni az \u00f6sszes g\u00e9p adatait a rendszerbe. Amennyiben konkr\u00e9t g\u00e9p \u00e9rdekel, \u00e9s nem tal\u00e1lod az adatokat r\u00f3la honlapunkon vagy \u00e1ltal\u00e1nos t\u00e1j\u00e9koztat\u00e1st szeretn\u00e9l, k\u00e9rj\u00fck, keresd \u00e9rt\u00e9kes\u00edt\u0151 koll\u00e9g\u00e1nkat, aki minden k\u00e9rd\u00e9s\u00e9re v\u00e1laszt ad, \u00e9s seg\u00edt a megfelel\u0151 g\u00e9p kiv\u00e1laszt\u00e1s\u00e1ban.<\/p><\/div>\n\n                    <\/div>\n      <\/div>\n    <\/div>\n      <div class=\"bde-faq__item\">\n      <h3 class=\"bde-faq__title-tag\">\n       <button id=\"bde-faq-236-button-2\" aria-expanded=\"false\" aria-controls=\"bde-faq-236-2\" class=\"bde-faq__question js-faq-item\">\n          <span class=\"bde-faq__title\">V\u00e1llaltok garanci\u00e1t?<\/span>\n                           <div aria-hidden=\"true\" class=\"bde-faq__icon bde-faq__icon--inactive\">\n                                <svg xmlns=\"http:\/\/www.w3.org\/2000\/svg\" width=\"24\" height=\"24\" fill-rule=\"evenodd\" clip-rule=\"evenodd\"><path d=\"M12 0c6.623 0 12 5.377 12 12s-5.377 12-12 12-12-5.377-12-12 5.377-12 12-12zm0 1c6.071 0 11 4.929 11 11s-4.929 11-11 11-11-4.929-11-11 4.929-11 11-11zm5.247 8l-5.247 6.44-5.263-6.44-.737.678 6 7.322 6-7.335-.753-.665z\"\/><\/svg>\n                            <\/div>\n         \t  <div aria-hidden=\"true\" class=\"bde-faq__icon bde-faq__icon--active\">\n                                <svg xmlns=\"http:\/\/www.w3.org\/2000\/svg\" width=\"24\" height=\"24\" fill-rule=\"evenodd\" clip-rule=\"evenodd\"><path d=\"M12 0c6.623 0 12 5.377 12 12s-5.377 12-12 12-12-5.377-12-12 5.377-12 12-12zm0 1c6.071 0 11 4.929 11 11s-4.929 11-11 11-11-4.929-11-11 4.929-11 11-11zm5.247 15l-5.247-6.44-5.263 6.44-.737-.678 6-7.322 6 7.335-.753.665z\"\/><\/svg>\n                            <\/div>\n                  <\/button>\n      <\/h3>\n      <div role=\"region\" aria-labelledby=\"bde-faq-236-button-2\" id=\"bde-faq-236-2\" class=\"bde-faq__answer\">\n        <div class=\"bde-faq__answer-content\">\n            <div class=\"breakdance-rich-text-styles\"><p>Hivatalosan nem v\u00e1llalunk garanci\u00e1t, ugyanakkor ha a v\u00e1s\u00e1rl\u00e1st k\u00f6vet\u0151 n\u00e9h\u00e1ny h\u00f3napon bel\u00fcl probl\u00e9ma mer\u00fcl fel, k\u00e9rj\u00fck, keresd \u00e9rt\u00e9kes\u00edt\u0151nket, aki seg\u00edt a megold\u00e1sban. Partnereinket nem hagyjuk magukra.<\/p><\/div>\n\n                    <\/div>\n      <\/div>\n    <\/div>\n      <div class=\"bde-faq__item\">\n      <h3 class=\"bde-faq__title-tag\">\n       <button id=\"bde-faq-236-button-3\" aria-expanded=\"false\" aria-controls=\"bde-faq-236-3\" class=\"bde-faq__question js-faq-item\">\n          <span class=\"bde-faq__title\">V\u00e1llaltok kell\u00e9kfel\u00faj\u00edt\u00e1st?<\/span>\n                           <div aria-hidden=\"true\" class=\"bde-faq__icon bde-faq__icon--inactive\">\n                                <svg xmlns=\"http:\/\/www.w3.org\/2000\/svg\" width=\"24\" height=\"24\" fill-rule=\"evenodd\" clip-rule=\"evenodd\"><path d=\"M12 0c6.623 0 12 5.377 12 12s-5.377 12-12 12-12-5.377-12-12 5.377-12 12-12zm0 1c6.071 0 11 4.929 11 11s-4.929 11-11 11-11-4.929-11-11 4.929-11 11-11zm5.247 8l-5.247 6.44-5.263-6.44-.737.678 6 7.322 6-7.335-.753-.665z\"\/><\/svg>\n                            <\/div>\n         \t  <div aria-hidden=\"true\" class=\"bde-faq__icon bde-faq__icon--active\">\n                                <svg xmlns=\"http:\/\/www.w3.org\/2000\/svg\" width=\"24\" height=\"24\" fill-rule=\"evenodd\" clip-rule=\"evenodd\"><path d=\"M12 0c6.623 0 12 5.377 12 12s-5.377 12-12 12-12-5.377-12-12 5.377-12 12-12zm0 1c6.071 0 11 4.929 11 11s-4.929 11-11 11-11-4.929-11-11 4.929-11 11-11zm5.247 15l-5.247-6.44-5.263 6.44-.737-.678 6-7.322 6 7.335-.753.665z\"\/><\/svg>\n                            <\/div>\n                  <\/button>\n      <\/h3>\n      <div role=\"region\" aria-labelledby=\"bde-faq-236-button-3\" id=\"bde-faq-236-3\" class=\"bde-faq__answer\">\n        <div class=\"bde-faq__answer-content\">\n            <div class=\"breakdance-rich-text-styles\"><p>Igen. A pontos list\u00e1t megtal\u00e1lod a 'Kell\u00e9kek' men\u00fcpontban, vagy \u00e9rdekl\u0151dhetsz \u00e9rt\u00e9kes\u00edt\u0151inkn\u00e9l.<\/p><\/div>\n\n                    <\/div>\n      <\/div>\n    <\/div>\n      <div class=\"bde-faq__item\">\n      <h3 class=\"bde-faq__title-tag\">\n       <button id=\"bde-faq-236-button-4\" aria-expanded=\"false\" aria-controls=\"bde-faq-236-4\" class=\"bde-faq__question js-faq-item\">\n          <span class=\"bde-faq__title\">Van lehet\u0151s\u00e9g a g\u00e9pek megtekint\u00e9s\u00e9re v\u00e1s\u00e1rl\u00e1s el\u0151tt?<\/span>\n                           <div aria-hidden=\"true\" class=\"bde-faq__icon bde-faq__icon--inactive\">\n                                <svg xmlns=\"http:\/\/www.w3.org\/2000\/svg\" width=\"24\" height=\"24\" fill-rule=\"evenodd\" clip-rule=\"evenodd\"><path d=\"M12 0c6.623 0 12 5.377 12 12s-5.377 12-12 12-12-5.377-12-12 5.377-12 12-12zm0 1c6.071 0 11 4.929 11 11s-4.929 11-11 11-11-4.929-11-11 4.929-11 11-11zm5.247 8l-5.247 6.44-5.263-6.44-.737.678 6 7.322 6-7.335-.753-.665z\"\/><\/svg>\n                            <\/div>\n         \t  <div aria-hidden=\"true\" class=\"bde-faq__icon bde-faq__icon--active\">\n                                <svg xmlns=\"http:\/\/www.w3.org\/2000\/svg\" width=\"24\" height=\"24\" fill-rule=\"evenodd\" clip-rule=\"evenodd\"><path d=\"M12 0c6.623 0 12 5.377 12 12s-5.377 12-12 12-12-5.377-12-12 5.377-12 12-12zm0 1c6.071 0 11 4.929 11 11s-4.929 11-11 11-11-4.929-11-11 4.929-11 11-11zm5.247 15l-5.247-6.44-5.263 6.44-.737-.678 6-7.322 6 7.335-.753.665z\"\/><\/svg>\n                            <\/div>\n                  <\/button>\n      <\/h3>\n      <div role=\"region\" aria-labelledby=\"bde-faq-236-button-4\" id=\"bde-faq-236-4\" class=\"bde-faq__answer\">\n        <div class=\"bde-faq__answer-content\">\n            <div class=\"breakdance-rich-text-styles\"><p>Term\u00e9szetesen minden \u00e9rdekl\u0151d\u0151t sz\u00edvesen l\u00e1tunk rakt\u00e1runkban. Amennyiben nincs lehet\u0151s\u00e9ged szem\u00e9lyesen elj\u00f6nni, \u00e9rt\u00e9kes\u00edt\u0151 koll\u00e9g\u00e1ink r\u00e9szletes t\u00e1j\u00e9koztat\u00e1st adnak a g\u00e9pek \u00e1llapot\u00e1r\u00f3l, \u00e9s seg\u00edtenek a megfelel\u0151 v\u00e1laszt\u00e1sban.<\/p><\/div>\n\n                    <\/div>\n      <\/div>\n    <\/div>\n      <div class=\"bde-faq__item\">\n      <h3 class=\"bde-faq__title-tag\">\n       <button id=\"bde-faq-236-button-5\" aria-expanded=\"false\" aria-controls=\"bde-faq-236-5\" class=\"bde-faq__question js-faq-item\">\n          <span class=\"bde-faq__title\">V\u00e1llaltok kisz\u00e1ll\u00edt\u00e1st ?<\/span>\n                           <div aria-hidden=\"true\" class=\"bde-faq__icon bde-faq__icon--inactive\">\n                                <svg xmlns=\"http:\/\/www.w3.org\/2000\/svg\" width=\"24\" height=\"24\" fill-rule=\"evenodd\" clip-rule=\"evenodd\"><path d=\"M12 0c6.623 0 12 5.377 12 12s-5.377 12-12 12-12-5.377-12-12 5.377-12 12-12zm0 1c6.071 0 11 4.929 11 11s-4.929 11-11 11-11-4.929-11-11 4.929-11 11-11zm5.247 8l-5.247 6.44-5.263-6.44-.737.678 6 7.322 6-7.335-.753-.665z\"\/><\/svg>\n                            <\/div>\n         \t  <div aria-hidden=\"true\" class=\"bde-faq__icon bde-faq__icon--active\">\n                                <svg xmlns=\"http:\/\/www.w3.org\/2000\/svg\" width=\"24\" height=\"24\" fill-rule=\"evenodd\" clip-rule=\"evenodd\"><path d=\"M12 0c6.623 0 12 5.377 12 12s-5.377 12-12 12-12-5.377-12-12 5.377-12 12-12zm0 1c6.071 0 11 4.929 11 11s-4.929 11-11 11-11-4.929-11-11 4.929-11 11-11zm5.247 15l-5.247-6.44-5.263 6.44-.737-.678 6-7.322 6 7.335-.753.665z\"\/><\/svg>\n                            <\/div>\n                  <\/button>\n      <\/h3>\n      <div role=\"region\" aria-labelledby=\"bde-faq-236-button-5\" id=\"bde-faq-236-5\" class=\"bde-faq__answer\">\n        <div class=\"bde-faq__answer-content\">\n            <div class=\"breakdance-rich-text-styles\"><p>Igen, saj\u00e1t aut\u00f3nkkal vagy k\u00fcls\u0151 fuvaroz\u00f3 partner\u00fcnkkel tudunk kisz\u00e1ll\u00edt\u00e1st biztos\u00edtani.<\/p><\/div>\n\n                    <\/div>\n      <\/div>\n    <\/div>\n      <div class=\"bde-faq__item\">\n      <h3 class=\"bde-faq__title-tag\">\n       <button id=\"bde-faq-236-button-6\" aria-expanded=\"false\" aria-controls=\"bde-faq-236-6\" class=\"bde-faq__question js-faq-item\">\n          <span class=\"bde-faq__title\">Meghib\u00e1sodott a m\u00e1sol\u00f3, de az \u00fcgyfelemn\u00e9l nem \u00e1llhat a g\u00e9p, mert folyamatosan haszn\u00e1lj\u00e1k.<\/span>\n                           <div aria-hidden=\"true\" class=\"bde-faq__icon bde-faq__icon--inactive\">\n                                <svg xmlns=\"http:\/\/www.w3.org\/2000\/svg\" width=\"24\" height=\"24\" fill-rule=\"evenodd\" clip-rule=\"evenodd\"><path d=\"M12 0c6.623 0 12 5.377 12 12s-5.377 12-12 12-12-5.377-12-12 5.377-12 12-12zm0 1c6.071 0 11 4.929 11 11s-4.929 11-11 11-11-4.929-11-11 4.929-11 11-11zm5.247 8l-5.247 6.44-5.263-6.44-.737.678 6 7.322 6-7.335-.753-.665z\"\/><\/svg>\n                            <\/div>\n         \t  <div aria-hidden=\"true\" class=\"bde-faq__icon bde-faq__icon--active\">\n                                <svg xmlns=\"http:\/\/www.w3.org\/2000\/svg\" width=\"24\" height=\"24\" fill-rule=\"evenodd\" clip-rule=\"evenodd\"><path d=\"M12 0c6.623 0 12 5.377 12 12s-5.377 12-12 12-12-5.377-12-12 5.377-12 12-12zm0 1c6.071 0 11 4.929 11 11s-4.929 11-11 11-11-4.929-11-11 4.929-11 11-11zm5.247 15l-5.247-6.44-5.263 6.44-.737-.678 6-7.322 6 7.335-.753.665z\"\/><\/svg>\n                            <\/div>\n                  <\/button>\n      <\/h3>\n      <div role=\"region\" aria-labelledby=\"bde-faq-236-button-6\" id=\"bde-faq-236-6\" class=\"bde-faq__answer\">\n        <div class=\"bde-faq__answer-content\">\n            <div class=\"breakdance-rich-text-styles\"><p>Semmi gond! Egyeztess a keresked\u0151 koll\u00e9g\u00e1val a lehets\u00e9ges megold\u00e1sokkal kapcsolatban. Kaphatsz csere alkatr\u00e9szt, vagy ak\u00e1r csereg\u00e9pet is a hiba elh\u00e1r\u00edt\u00e1s\u00e1ig.<\/p><\/div>\n\n                    <\/div>\n      <\/div>\n    <\/div>\n  \n<\/div><\/div>\n<\/section><section class=\"bde-section-1808-186 bde-section\">\n  \n  \n\t\n\n\n\n<div class=\"section-container\"><div class=\"bde-columns-1808-187 bde-columns\"><div class=\"bde-column-1808-188 bde-column\">\n  \n  \n\t\n\n\n\n<h3 class=\"bde-heading-1808-189 bde-heading\">\nK\u00e9rd\u00e9sed van?\n<\/h3><div class=\"bde-text-1808-190 bde-text\">\n\u00cdrj nek\u00fcnk \u00e9s hamarsoan felvessz\u00fck veled a kapcsolatot!\n<\/div>\n<\/div><div class=\"bde-column-1808-193 bde-column\">\n  \n  \n\t\n\n\n\n<div class=\"bde-form-builder-1808-194 bde-form-builder\">\n\n<form id=\"contact-form194\" class=\"breakdance-form breakdance-form--vertical\" data-options=\"{&quot;slug&quot;:&quot;custom&quot;,&quot;name&quot;:&quot;Contact Form&quot;,&quot;ajaxUrl&quot;:&quot;https:\\\/\\\/releaseprint.hu\\\/wp-admin\\\/admin-ajax.php&quot;,&quot;clearOnSuccess&quot;:true,&quot;hideOnSuccess&quot;:false,&quot;successMessage&quot;:&quot;Az \\u00fczenet sikeresen elk\\u00fcldve!&quot;,&quot;errorMessage&quot;:&quot;VAlami nem siker\\u00fclt...&quot;,&quot;redirect&quot;:false,&quot;redirectUrl&quot;:&quot;&quot;,&quot;customJavaScript&quot;:&quot;&quot;,&quot;recaptcha&quot;:{&quot;key&quot;:&quot;&quot;,&quot;enabled&quot;:false},&quot;honeypot_enabled&quot;:false,&quot;popupsOnSuccess&quot;:[],&quot;popupsOnError&quot;:[]}\" data-steps=\"0\" >\n  \n  \n  \n<div class=\"breakdance-form-field breakdance-form-field--text\" >\n    \n    \n            <label class=\"breakdance-form-field__label\" for=\"name\">\n            N\u00e9v<span class=\"breakdance-form-field__required\">*<\/span>\n        <\/label>\n    \n    <input\n    class=\"breakdance-form-field__input\"\n    id=\"name\"\n    aria-describedby=\"name\"\n    type=\"text\"\n    name=\"fields[name]\"\n    placeholder=\"\"\n    value=\"\"\n                \n        \n        \n    required\n    \n    \n    \n>\n\n\n    \n    \n<\/div>\n\n\n<div class=\"breakdance-form-field breakdance-form-field--text\" >\n    \n    \n            <label class=\"breakdance-form-field__label\" for=\"utomuv\">\n            C\u00e9g\n        <\/label>\n    \n    <input\n    class=\"breakdance-form-field__input\"\n    id=\"utomuv\"\n    aria-describedby=\"utomuv\"\n    type=\"text\"\n    name=\"fields[utomuv]\"\n    placeholder=\"\"\n    value=\"\"\n                \n        \n        \n    \n    \n    \n    \n>\n\n\n    \n    \n<\/div>\n\n\n<div class=\"breakdance-form-field breakdance-form-field--tel\" >\n    \n    \n            <label class=\"breakdance-form-field__label\" for=\"phonen\">\n            Telefonsz\u00e1m<span class=\"breakdance-form-field__required\">*<\/span>\n        <\/label>\n    \n    <input\n    class=\"breakdance-form-field__input\"\n    id=\"phonen\"\n    aria-describedby=\"phonen\"\n    type=\"tel\"\n    name=\"fields[phonen]\"\n    placeholder=\"\"\n    value=\"\"\n                \n        \n        \n    required\n    \n    \n    \n>\n\n\n    \n    \n<\/div>\n\n\n<div class=\"breakdance-form-field breakdance-form-field--email\" >\n    \n    \n            <label class=\"breakdance-form-field__label\" for=\"email\">\n            Email<span class=\"breakdance-form-field__required\">*<\/span>\n        <\/label>\n    \n    <input\n    class=\"breakdance-form-field__input\"\n    id=\"email\"\n    aria-describedby=\"email\"\n    type=\"email\"\n    name=\"fields[email]\"\n    placeholder=\"\"\n    value=\"\"\n                \n        \n        \n    required\n    \n    \n    \n>\n\n\n    \n    \n<\/div>\n\n\n<div class=\"breakdance-form-field breakdance-form-field--textarea\" >\n    \n    \n            <label class=\"breakdance-form-field__label\" for=\"message\">\n            \u00dczenet<span class=\"breakdance-form-field__required\">*<\/span>\n        <\/label>\n    \n    <textarea\n    class=\"breakdance-form-field__input\"\n    id=\"message\"\n    aria-describedby=\"message\"\n    type=\"textarea\"\n    name=\"fields[message]\"\n        placeholder=\"\"\n    required\n    >\n<\/textarea>\n\n\n    \n    \n<\/div>\n\n\n  \n\n<div class=\"breakdance-form-field breakdance-form-footer\">\n    \n    \n                                    \n    \n    \n    \n    \n            \n            <button type=\"submit\" class=\"button-atom button-atom--primary breakdance-form-button breakdance-form-button__submit\"  >\n    \n        <span class=\"button-atom__text\">Mehet<\/span>\n\n        \n        \n            <\/button>\n    \n    <input type=\"hidden\" name=\"form_id\" value=\"194\">\n    <input type=\"hidden\" name=\"post_id\" value=\"1808\">\n<\/div>\n\n  \n<\/form>\n\n\n<\/div>\n<\/div><\/div><\/div>\n<\/section>","protected":false},"excerpt":{"rendered":"<p>Professzion\u00e1lis nyomtat\u00f3 \u00e9s f\u00e9nym\u00e1sol\u00f3 szerviz Ingyenes felm\u00e9r\u00e9s Profi csapat 15+ \u00e9v tapasztalat A v\u00e1llalt t\u00edpusok list\u00e1ja Megn\u00e9zem a list\u00e1t A szervizel\u00e9s menete Hozd be hozz\u00e1nk Ig\u00e9ny eset\u00e9n a sz\u00e1ll\u00edt\u00e1st is megoldjuk Ingyenes felm\u00e9r\u00e9s Alaposan \u00e1tn\u00e9zz\u00fck a g\u00e9pet Jav\u00edt\u00e1s Az \u00e1raj\u00e1nlat elfogad\u00e1sa ut\u00e1n elv\u00e9gezz\u00fck a jav\u00edt\u00e1st Gyakran ism\u00e9telt k\u00e9rd\u00e9sek Milyen a g\u00e9pek nyomatsz\u00e1ma, felszerelts\u00e9ge \u00e9s \u00e1llapota? [&hellip;]<\/p>\n","protected":false},"author":255,"featured_media":0,"parent":0,"menu_order":0,"comment_status":"closed","ping_status":"closed","template":"","meta":{"_acf_changed":false,"_breakdance_hide_in_design_set":false,"_breakdance_tags":"","footnotes":""},"class_list":["post-1808","page","type-page","status-publish","hentry"],"acf":[],"_links":{"self":[{"href":"https:\/\/releaseprint.hu\/en\/wp-json\/wp\/v2\/pages\/1808","targetHints":{"allow":["GET"]}}],"collection":[{"href":"https:\/\/releaseprint.hu\/en\/wp-json\/wp\/v2\/pages"}],"about":[{"href":"https:\/\/releaseprint.hu\/en\/wp-json\/wp\/v2\/types\/page"}],"author":[{"embeddable":true,"href":"https:\/\/releaseprint.hu\/en\/wp-json\/wp\/v2\/users\/255"}],"replies":[{"embeddable":true,"href":"https:\/\/releaseprint.hu\/en\/wp-json\/wp\/v2\/comments?post=1808"}],"version-history":[{"count":3,"href":"https:\/\/releaseprint.hu\/en\/wp-json\/wp\/v2\/pages\/1808\/revisions"}],"predecessor-version":[{"id":4662,"href":"https:\/\/releaseprint.hu\/en\/wp-json\/wp\/v2\/pages\/1808\/revisions\/4662"}],"wp:attachment":[{"href":"https:\/\/releaseprint.hu\/en\/wp-json\/wp\/v2\/media?parent=1808"}],"curies":[{"name":"wp","href":"https:\/\/api.w.org\/{rel}","templated":true}]}}