{"id":215,"date":"2026-03-01T18:25:22","date_gmt":"2026-03-01T18:25:22","guid":{"rendered":"https:\/\/releaseprint2.zello.hu\/?page_id=215"},"modified":"2026-03-08T20:43:14","modified_gmt":"2026-03-08T20:43:14","slug":"register","status":"publish","type":"page","link":"https:\/\/releaseprint.hu\/en\/register\/","title":{"rendered":"register"},"content":{"rendered":"<section class=\"bde-section-215-100 bde-section\">\n  \n  \n\t\n\n\n\n<div class=\"section-container\"><h1 class=\"bde-heading-215-102 bde-heading\">\nRegisztr\u00e1ci\u00f3\n<\/h1><div class=\"bde-register-form-215-101 bde-register-form\">\n\n<form id=\"101\" class=\"breakdance-form breakdance-form--vertical\" data-options=\"{&quot;slug&quot;:&quot;register&quot;,&quot;name&quot;:&quot;&quot;,&quot;ajaxUrl&quot;:&quot;https:\\\/\\\/releaseprint.hu\\\/wp-admin\\\/admin-ajax.php&quot;,&quot;clearOnSuccess&quot;:true,&quot;hideOnSuccess&quot;:false,&quot;successMessage&quot;:&quot;A fi\\u00f3kodat sikeresen l\\u00e9trehoztad!&quot;,&quot;errorMessage&quot;:&quot;Something went wrong.&quot;,&quot;redirect&quot;:true,&quot;redirectUrl&quot;:&quot;https:\\\/\\\/releaseprint.hu\\\/fiokom\\\/&quot;,&quot;customJavaScript&quot;:&quot;&quot;,&quot;recaptcha&quot;:{&quot;key&quot;:&quot;&quot;,&quot;enabled&quot;:false},&quot;honeypot_enabled&quot;:false,&quot;popupsOnSuccess&quot;:[],&quot;popupsOnError&quot;:[]}\" data-steps=\"0\" >\n  \n  \n  \n<div class=\"breakdance-form-field breakdance-form-field--text\" >\n    \n    \n            <label class=\"breakdance-form-field__label\" for=\"user_login\">\n            Felhasz\u00e1l\u00f3n\u00e9v<span class=\"breakdance-form-field__required\">*<\/span>\n        <\/label>\n    \n    <input\n    class=\"breakdance-form-field__input\"\n    id=\"user_login\"\n    aria-describedby=\"user_login\"\n    type=\"text\"\n    name=\"fields[user_login]\"\n    placeholder=\"Ide \u00edrd a felhaszn\u00e1l\u00f3nevedet\"\n    value=\"\"\n                \n        \n        \n    required\n    \n    \n    \n>\n\n\n    \n    \n<\/div>\n\n\n<div class=\"breakdance-form-field breakdance-form-field--email\" >\n    \n    \n            <label class=\"breakdance-form-field__label\" for=\"user_email\">\n            E-mail<span class=\"breakdance-form-field__required\">*<\/span>\n        <\/label>\n    \n    <input\n    class=\"breakdance-form-field__input\"\n    id=\"user_email\"\n    aria-describedby=\"user_email\"\n    type=\"email\"\n    name=\"fields[user_email]\"\n    placeholder=\"Ide \u00edrd az e-mail c\u00edmedet\"\n    value=\"\"\n                \n        \n        \n    required\n    \n    \n    \n>\n\n\n    \n    \n<\/div>\n\n\n<div class=\"breakdance-form-field breakdance-form-field--password\" >\n    \n    \n            <label class=\"breakdance-form-field__label\" for=\"user_pass\">\n            Jelsz\u00f3<span class=\"breakdance-form-field__required\">*<\/span>\n        <\/label>\n    \n    <input\n    class=\"breakdance-form-field__input\"\n    id=\"user_pass\"\n    aria-describedby=\"user_pass\"\n    type=\"password\"\n    name=\"fields[user_pass]\"\n    placeholder=\"Ide \u00edrd a jelaszavadat\"\n    value=\"\"\n                \n        \n        \n    required\n    \n    \n    \n>\n\n\n    \n    \n<\/div>\n\n\n<div class=\"breakdance-form-field breakdance-form-field--hidden\" >\n    \n    \n    \n    <input\n    id=\"auto_login_user\"\n    type=\"hidden\"\n    name=\"fields[auto_login_user]\"\n    value=\"1\"\n    >\n\n\n    \n    \n<\/div>\n\n\n  \n\n<div class=\"breakdance-form-field breakdance-form-footer\">\n    \n    \n                                    \n    \n    \n    \n    \n            \n            <button type=\"submit\" class=\"button-atom button-atom--primary breakdance-form-button breakdance-form-button__submit\"  >\n    \n        <span class=\"button-atom__text\">Regisztr\u00e1lok<\/span>\n\n        \n        \n            <\/button>\n    \n    <input type=\"hidden\" name=\"form_id\" value=\"101\">\n    <input type=\"hidden\" name=\"post_id\" value=\"215\">\n<\/div>\n\n  \n<\/form>\n\n<\/div><\/div>\n<\/section>","protected":false},"excerpt":{"rendered":"<p>Regisztr\u00e1ci\u00f3 Felhasz\u00e1l\u00f3n\u00e9v* E-mail* Jelsz\u00f3* Regisztr\u00e1lok<\/p>","protected":false},"author":255,"featured_media":0,"parent":0,"menu_order":0,"comment_status":"closed","ping_status":"closed","template":"","meta":{"_acf_changed":false,"_breakdance_hide_in_design_set":false,"_breakdance_tags":"","footnotes":""},"class_list":["post-215","page","type-page","status-publish","hentry"],"acf":[],"_links":{"self":[{"href":"https:\/\/releaseprint.hu\/en\/wp-json\/wp\/v2\/pages\/215","targetHints":{"allow":["GET"]}}],"collection":[{"href":"https:\/\/releaseprint.hu\/en\/wp-json\/wp\/v2\/pages"}],"about":[{"href":"https:\/\/releaseprint.hu\/en\/wp-json\/wp\/v2\/types\/page"}],"author":[{"embeddable":true,"href":"https:\/\/releaseprint.hu\/en\/wp-json\/wp\/v2\/users\/255"}],"replies":[{"embeddable":true,"href":"https:\/\/releaseprint.hu\/en\/wp-json\/wp\/v2\/comments?post=215"}],"version-history":[{"count":3,"href":"https:\/\/releaseprint.hu\/en\/wp-json\/wp\/v2\/pages\/215\/revisions"}],"predecessor-version":[{"id":1539,"href":"https:\/\/releaseprint.hu\/en\/wp-json\/wp\/v2\/pages\/215\/revisions\/1539"}],"wp:attachment":[{"href":"https:\/\/releaseprint.hu\/en\/wp-json\/wp\/v2\/media?parent=215"}],"curies":[{"name":"wp","href":"https:\/\/api.w.org\/{rel}","templated":true}]}}