{"id":235,"date":"2026-03-01T18:45:20","date_gmt":"2026-03-01T18:45:20","guid":{"rendered":"https:\/\/releaseprint2.zello.hu\/?page_id=235"},"modified":"2026-04-15T10:54:17","modified_gmt":"2026-04-15T10:54:17","slug":"login","status":"publish","type":"page","link":"https:\/\/releaseprint.hu\/en\/login\/","title":{"rendered":"login"},"content":{"rendered":"<section class=\"bde-section-235-100 bde-section\">\n  \n  \n\t\n\n\n\n<div class=\"section-container\"><h1 class=\"bde-heading-235-103 bde-heading\">\nBejelentkez\u00e9s\n<\/h1><div class=\"bde-login-form-235-101 bde-login-form\">\n\n<form id=\"101\" class=\"breakdance-form breakdance-form--vertical\" data-options=\"{&quot;slug&quot;:&quot;login&quot;,&quot;name&quot;:&quot;&quot;,&quot;ajaxUrl&quot;:&quot;https:\\\/\\\/releaseprint.hu\\\/wp-admin\\\/admin-ajax.php&quot;,&quot;clearOnSuccess&quot;:true,&quot;hideOnSuccess&quot;:false,&quot;successMessage&quot;:&quot;Sikeresen bejelntkezt\\u00e9l&quot;,&quot;errorMessage&quot;:&quot;Something went wrong.&quot;,&quot;redirect&quot;:true,&quot;redirectUrl&quot;:&quot;https:\\\/\\\/releaseprint.hu\\\/fiokom\\\/&quot;,&quot;customJavaScript&quot;:&quot;&quot;,&quot;recaptcha&quot;:{&quot;key&quot;:&quot;&quot;,&quot;enabled&quot;:false},&quot;honeypot_enabled&quot;:false,&quot;popupsOnSuccess&quot;:[],&quot;popupsOnError&quot;:[]}\" data-steps=\"0\" >\n  \n  \n  \n<div class=\"breakdance-form-field breakdance-form-field--text\" >\n    \n    \n            <label class=\"breakdance-form-field__label\" for=\"user_login\">\n            Felhaszn\u00e1l\u00f3n\u00e9v vagy e-mail c\u00edm<span class=\"breakdance-form-field__required\">*<\/span>\n        <\/label>\n    \n    <input\n    class=\"breakdance-form-field__input\"\n    id=\"user_login\"\n    aria-describedby=\"user_login\"\n    type=\"text\"\n    name=\"fields[user_login]\"\n    placeholder=\"Ide \u00edrd az e-mail c\u00edmedet\"\n    value=\"\"\n                \n        \n        \n    required\n    \n    \n    \n>\n\n\n    \n    \n<\/div>\n\n\n<div class=\"breakdance-form-field breakdance-form-field--password\" >\n    \n    \n            <label class=\"breakdance-form-field__label\" for=\"user_password\">\n            Jelsz\u00f3<span class=\"breakdance-form-field__required\">*<\/span>\n        <\/label>\n    \n    <input\n    class=\"breakdance-form-field__input\"\n    id=\"user_password\"\n    aria-describedby=\"user_password\"\n    type=\"password\"\n    name=\"fields[user_password]\"\n    placeholder=\"Ide \u00edrd a jelszavadat\"\n    value=\"\"\n                \n        \n        \n    required\n    \n    \n    \n>\n\n\n    <a class=\"breakdance-form-link breakdance-form-link--password\" href=\"https:\/\/releaseprint.hu\/wp-login.php?action=lostpassword\">Elfelejtetted a jelszavadat?<\/a>\n    \n<\/div>\n\n\n  \n\n<div class=\"breakdance-form-field breakdance-form-footer\">\n    \n    \n                                    \n    \n    \n    \n    \n            \n            <button type=\"submit\" class=\"button-atom button-atom--primary breakdance-form-button breakdance-form-button__submit\"  >\n    \n        <span class=\"button-atom__text\">Bejelentkez\u00e9s<\/span>\n\n        \n        \n            <\/button>\n    \n    <input type=\"hidden\" name=\"form_id\" value=\"101\">\n    <input type=\"hidden\" name=\"post_id\" value=\"235\">\n<\/div>\n\n  \n<\/form>\n\n<\/div><a class=\"bde-text-link-235-102 bde-text-link breakdance-link\" href=\"https:\/\/releaseprint.hu\/register\/\" target=\"_self\" data-type=\"url\">\n  M\u00e9g nincs fi\u00f3kod? Regisztr\u00e1lj!\n\n<\/a><div class=\"bde-button-235-104 bde-button\">\n    \n                                    \n    \n    \n    \n    \n            \n                    \n            \n            \n\n    \n    \n    \n    \n    \n    <a class=\"breakdance-link button-atom button-atom--primary bde-button__button\" href=\"https:\/\/releaseprint.hu\/kapcsolat\/\" target=\"_self\" data-type=\"url\"  >\n\n    \n        <span class=\"button-atom__text\">Regisztr\u00e1ci\u00f3 n\u00e9lk\u00fcl k\u00e9rek aj\u00e1nlatot<\/span>\n\n        \n        \n                <\/a>\n\n    \n\n\n<\/div><\/div>\n<\/section>","protected":false},"excerpt":{"rendered":"<p>Bejelentkez\u00e9s Felhaszn\u00e1l\u00f3n\u00e9v vagy e-mail c\u00edm* Jelsz\u00f3* Elfelejtetted a jelszavadat? Bejelentkez\u00e9s M\u00e9g nincs fi\u00f3kod? Regisztr\u00e1lj! Regisztr\u00e1ci\u00f3 n\u00e9lk\u00fcl k\u00e9rek aj\u00e1nlatot<\/p>","protected":false},"author":255,"featured_media":0,"parent":0,"menu_order":0,"comment_status":"closed","ping_status":"closed","template":"","meta":{"_acf_changed":false,"_breakdance_hide_in_design_set":false,"_breakdance_tags":"","footnotes":""},"class_list":["post-235","page","type-page","status-publish","hentry"],"acf":[],"_links":{"self":[{"href":"https:\/\/releaseprint.hu\/en\/wp-json\/wp\/v2\/pages\/235","targetHints":{"allow":["GET"]}}],"collection":[{"href":"https:\/\/releaseprint.hu\/en\/wp-json\/wp\/v2\/pages"}],"about":[{"href":"https:\/\/releaseprint.hu\/en\/wp-json\/wp\/v2\/types\/page"}],"author":[{"embeddable":true,"href":"https:\/\/releaseprint.hu\/en\/wp-json\/wp\/v2\/users\/255"}],"replies":[{"embeddable":true,"href":"https:\/\/releaseprint.hu\/en\/wp-json\/wp\/v2\/comments?post=235"}],"version-history":[{"count":3,"href":"https:\/\/releaseprint.hu\/en\/wp-json\/wp\/v2\/pages\/235\/revisions"}],"predecessor-version":[{"id":2058,"href":"https:\/\/releaseprint.hu\/en\/wp-json\/wp\/v2\/pages\/235\/revisions\/2058"}],"wp:attachment":[{"href":"https:\/\/releaseprint.hu\/en\/wp-json\/wp\/v2\/media?parent=235"}],"curies":[{"name":"wp","href":"https:\/\/api.w.org\/{rel}","templated":true}]}}