{"id":280,"date":"2026-03-01T20:51:08","date_gmt":"2026-03-01T20:51:08","guid":{"rendered":"https:\/\/releaseprint2.zello.hu\/?page_id=280"},"modified":"2026-05-06T10:08:54","modified_gmt":"2026-05-06T10:08:54","slug":"rolunk","status":"publish","type":"page","link":"https:\/\/releaseprint.hu\/en\/rolunk\/","title":{"rendered":"r\u00f3lunk"},"content":{"rendered":"<section class=\"bde-section-280-119 bde-section\">\n              \n  \n  \n\t    \n      <div class=\"section-background-video\">\n              <video\n          autoplay\n muted\n playsinline\n loop\n>\n        <source src=\"https:\/\/releaseprint.hu\/wp-content\/uploads\/2026\/04\/0416000.mp4\" type=\"video\/mp4\" \/>\n      <\/video>\n      <\/div>\n\n\n  <div class=\"section-background-overlay\"><\/div>\n\n\n<div class=\"section-container\"><h1 class=\"bde-heading-280-120 bde-heading\">\nAbout Us\n<\/h1><div class=\"bde-stats-grid-280-123 bde-stats-grid\">\n  <div class='bde-stats-grid_item'>\n          \n    \n            <div class=\"bde-stats-grid_icon breakdance-icon-atom\" >\n    \n                    <svg xmlns=\"http:\/\/www.w3.org\/2000\/svg\" id=\"icon-coin-dollar\" viewbox=\"0 0 32 32\">\n<path d=\"M15 2c-8.284 0-15 6.716-15 15s6.716 15 15 15c8.284 0 15-6.716 15-15s-6.716-15-15-15zM15 29c-6.627 0-12-5.373-12-12s5.373-12 12-12c6.627 0 12 5.373 12 12s-5.373 12-12 12zM16 16v-4h4v-2h-4v-2h-2v2h-4v8h4v4h-4v2h4v2h2v-2h4l-0-8h-4zM14 16h-2v-4h2v4zM18 22h-2v-4h2v4z\"\/>\n<\/svg>\n        \n        \n        \n            <\/div>\n    \n\n        <h3 class='bde-stats-grid_number' >\n     Cost-effectiveness\n    <\/h3>\n    <p class='bde-stats-grid_text' >\n       \n    <\/p>\n  <\/div>\n  <div class='bde-stats-grid_item'>\n          \n    \n            <div class=\"bde-stats-grid_icon breakdance-icon-atom\" >\n    \n                    <svg xmlns=\"http:\/\/www.w3.org\/2000\/svg\" id=\"icon-happy2\" viewbox=\"0 0 32 32\">\n<path d=\"M16 0c-8.837 0-16 7.163-16 16s7.163 16 16 16 16-7.163 16-16-7.163-16-16-16zM22 8c1.105 0 2 1.343 2 3s-0.895 3-2 3-2-1.343-2-3 0.895-3 2-3zM10 8c1.105 0 2 1.343 2 3s-0.895 3-2 3-2-1.343-2-3 0.895-3 2-3zM16 28c-5.215 0-9.544-4.371-10-9.947 2.93 1.691 6.377 2.658 10 2.658s7.070-0.963 10-2.654c-0.455 5.576-4.785 9.942-10 9.942z\"\/>\n<\/svg>\n        \n        \n        \n            <\/div>\n    \n\n        <h3 class='bde-stats-grid_number' >\n     Customer-centricity\n    <\/h3>\n    <p class='bde-stats-grid_text' >\n       \n    <\/p>\n  <\/div>\n  <div class='bde-stats-grid_item'>\n          \n    \n            <div class=\"bde-stats-grid_icon breakdance-icon-atom\" >\n    \n                    <svg xmlns=\"http:\/\/www.w3.org\/2000\/svg\" viewbox=\"0 0 512 512\"><!--! Font Awesome Free 6.5.1 by @fontawesome - https:\/\/fontawesome.com License - https:\/\/fontawesome.com\/license\/free (Icons: CC BY 4.0, Fonts: SIL OFL 1.1, Code: MIT License) Copyright 2023 Fonticons, Inc. --><path d=\"M352 256c0 22.2-1.2 43.6-3.3 64H163.3c-2.2-20.4-3.3-41.8-3.3-64s1.2-43.6 3.3-64H348.7c2.2 20.4 3.3 41.8 3.3 64zm28.8-64H503.9c5.3 20.5 8.1 41.9 8.1 64s-2.8 43.5-8.1 64H380.8c2.1-20.6 3.2-42 3.2-64s-1.1-43.4-3.2-64zm112.6-32H376.7c-10-63.9-29.8-117.4-55.3-151.6c78.3 20.7 142 77.5 171.9 151.6zm-149.1 0H167.7c6.1-36.4 15.5-68.6 27-94.7c10.5-23.6 22.2-40.7 33.5-51.5C239.4 3.2 248.7 0 256 0s16.6 3.2 27.8 13.8c11.3 10.8 23 27.9 33.5 51.5c11.6 26 20.9 58.2 27 94.7zm-209 0H18.6C48.6 85.9 112.2 29.1 190.6 8.4C165.1 42.6 145.3 96.1 135.3 160zM8.1 192H131.2c-2.1 20.6-3.2 42-3.2 64s1.1 43.4 3.2 64H8.1C2.8 299.5 0 278.1 0 256s2.8-43.5 8.1-64zM194.7 446.6c-11.6-26-20.9-58.2-27-94.6H344.3c-6.1 36.4-15.5 68.6-27 94.6c-10.5 23.6-22.2 40.7-33.5 51.5C272.6 508.8 263.3 512 256 512s-16.6-3.2-27.8-13.8c-11.3-10.8-23-27.9-33.5-51.5zM135.3 352c10 63.9 29.8 117.4 55.3 151.6C112.2 482.9 48.6 426.1 18.6 352H135.3zm358.1 0c-30 74.1-93.6 130.9-171.9 151.6c25.5-34.2 45.2-87.7 55.3-151.6H493.4z\"\/><\/svg>\n        \n        \n        \n            <\/div>\n    \n\n        <h3 class='bde-stats-grid_number' >\n     Environmental awareness\n    <\/h3>\n    <p class='bde-stats-grid_text' >\n       \n    <\/p>\n  <\/div>\n\n<\/div><\/div>\n<\/section><section class=\"bde-section-280-239 bde-section\">\n  \n  \n\t\n\n\n\n<div class=\"section-container\"><div class=\"bde-columns-280-240 bde-columns\"><div class=\"bde-column-280-241 bde-column\">\n  \n  \n\t\n\n\n\n<div class=\"bde-rich-text-280-260 bde-rich-text breakdance-rich-text-styles\">\n<h3>We believe that a reliable, high-quality printer or copier doesn't have to cost a fortune.<\/h3><p>We work so that you don't have to choose between quality and cost-effectiveness.<\/p><h4>What exactly are we doing?<\/h4><p>We breathe new life into premium printers and copiers: we refurbish, test, and clean them, and we don\u2019t let them leave our hands until they\u2019re working perfectly.<\/p><p>In addition, we offer brand-new, barely used, and refurbished supplies at a fraction of the original price, as well as printer and copier repair services.<\/p><h4>Why us?<\/h4><p>We\u2019re in it for the long haul: when you win, we win too. With over 15 years of experience, a factory in Hungary, and a team of professionals (and a few die-hards\u2026), we\u2019re dedicated to equipping your business with premium tools while helping you save 40\u201360%.<\/p>\n<\/div>\n<\/div><div class=\"bde-column-280-259 bde-column\" data-entrance=\"slideRight\">\n  \n  \n\t\n\n\n\n\n<\/div><\/div><\/div>\n<\/section><section class=\"bde-section-280-288 bde-section\">\n  \n  \n\t\n\n\n\n<div class=\"section-container\"><h3 class=\"bde-heading-280-290 bde-heading\">\nWe\u2019ve been breathing new life into office furniture for over 15 years\n<\/h3><div class=\"bde-columns-280-293 bde-columns\"><div class=\"bde-column-280-295 bde-column\">\n  \n  \n\t\n\n\n\n<div class=\"bde-stats-grid-280-291 bde-stats-grid\">\n  <div class='bde-stats-grid_item'>\n        <h3 class='bde-stats-grid_number' >\n     35+\n    <\/h3>\n    <p class='bde-stats-grid_text' >\n      countries where we operate\n    <\/p>\n  <\/div>\n  <div class='bde-stats-grid_item'>\n        <h3 class='bde-stats-grid_number' >\n     85%\n    <\/h3>\n    <p class='bde-stats-grid_text' >\n      recycled part\n    <\/p>\n  <\/div>\n  <div class='bde-stats-grid_item'>\n        <h3 class='bde-stats-grid_number' >\n     2013\n    <\/h3>\n    <p class='bde-stats-grid_text' >\n      year of establishment\n    <\/p>\n  <\/div>\n  <div class='bde-stats-grid_item'>\n        <h3 class='bde-stats-grid_number' >\n     100%\n    <\/h3>\n    <p class='bde-stats-grid_text' >\n      satisfaction\n    <\/p>\n  <\/div>\n\n<\/div>\n<\/div><div class=\"bde-column-280-294 bde-column\">\n  \n  \n\t\n\n\n\n<div class=\"bde-rich-text-280-292 bde-rich-text breakdance-rich-text-styles\">\n<p>We founded Release Industries Kft. in 2013 after realizing that the office equipment sector was generating a huge amount of waste and that no one was offering a real solution to the problem.<\/p><p>Today, as Europe\u2019s largest distributor of used office equipment, we have earned the trust of customers in more than 35 countries, from Europe to Africa and Asia.<\/p><p>Every machine we refurbish contains at least 85% recycled parts; we manufacture our own components based on a Hungarian patent, and our packaging is also made from recycled materials.<\/p><p>We believe that a 5- to 6-year-old, carefully refurbished machine performs almost as well as a new one, at a fraction of the cost and with an even smaller environmental footprint. At Release, sustainability and value creation are not mutually exclusive goals: for us, the two go hand in hand.<\/p>\n<\/div>\n<\/div><\/div><\/div>\n<\/section><section class=\"bde-section-280-124 bde-section\">\n  \n  \n\t\n\n\n\n<div class=\"section-container\"><h2 class=\"bde-heading-280-125 bde-heading\">\nOur team\n<\/h2><div class=\"bde-columns-280-127 bde-columns\"><div class=\"bde-column-280-128 bde-column\">\n  \n  \n\t\n\n\n\n<img decoding=\"async\" class=\"bde-image2-280-129 bde-image2\" src=\"https:\/\/releaseprint.hu\/wp-content\/uploads\/2026\/03\/Shurygin-Andrey-scaled-1.jpg\" srcset=\"https:\/\/releaseprint.hu\/wp-content\/uploads\/2026\/03\/Shurygin-Andrey-scaled-1.jpg 2560w, https:\/\/releaseprint.hu\/wp-content\/uploads\/2026\/03\/Shurygin-Andrey-scaled-1-300x300.jpg 300w, https:\/\/releaseprint.hu\/wp-content\/uploads\/2026\/03\/Shurygin-Andrey-scaled-1-1024x1024.jpg 1024w, https:\/\/releaseprint.hu\/wp-content\/uploads\/2026\/03\/Shurygin-Andrey-scaled-1-150x150.jpg 150w, https:\/\/releaseprint.hu\/wp-content\/uploads\/2026\/03\/Shurygin-Andrey-scaled-1-768x768.jpg 768w, https:\/\/releaseprint.hu\/wp-content\/uploads\/2026\/03\/Shurygin-Andrey-scaled-1-1536x1536.jpg 1536w, https:\/\/releaseprint.hu\/wp-content\/uploads\/2026\/03\/Shurygin-Andrey-scaled-1-2048x2048.jpg 2048w\" sizes=\"(max-width: 2560px) 100vw, 2560px\"><h3 class=\"bde-heading-280-130 bde-heading\">\nShurygin Andrey\n<\/h3><div class=\"bde-text-280-131 bde-text\">\nManaging Director\n<\/div><div class=\"bde-icon-list-280-238 bde-icon-list\">\n<ul>\n  \n              \n    <li>\n                      \n            \n            \n\n    \n    \n    \n    \n    \n    <a class=\"breakdance-link bde-icon-list__item-wrapper\" href=\"tel:06 70 284 0484\" target=\"_self\" data-type=\"url\"  >\n\n      \n      <span class='bde-icon-list__icon'>\n        <svg xmlns=\"http:\/\/www.w3.org\/2000\/svg\" id=\"icon-phone\" viewbox=\"0 0 32 32\">\n<path d=\"M22 20c-2 2-2 4-4 4s-4-2-6-4-4-4-4-6 2-2 4-4-4-8-6-8-6 6-6 6c0 4 4.109 12.109 8 16s12 8 16 8c0 0 6-4 6-6s-6-8-8-6z\"\/>\n<\/svg>\n      <\/span>\n      <span class='bde-icon-list__text' >\n      06 70 284 0484\n      <\/span>\n                  <\/a>\n\n      \n    <\/li>\n\n  \n              \n    <li>\n                      \n            \n            \n\n    \n    \n    \n    \n    \n    <a class=\"breakdance-link bde-icon-list__item-wrapper\" href=\"mailto:shurygin.andrey@releaseprint.com\" target=\"_self\" data-type=\"url\"  >\n\n      \n      <span class='bde-icon-list__icon'>\n        <svg xmlns=\"http:\/\/www.w3.org\/2000\/svg\" viewbox=\"0 0 512 512\"><!--! Font Awesome Free 6.5.1 by @fontawesome - https:\/\/fontawesome.com License - https:\/\/fontawesome.com\/license\/free (Icons: CC BY 4.0, Fonts: SIL OFL 1.1, Code: MIT License) Copyright 2023 Fonticons, Inc. --><path d=\"M64 112c-8.8 0-16 7.2-16 16v22.1L220.5 291.7c20.7 17 50.4 17 71.1 0L464 150.1V128c0-8.8-7.2-16-16-16H64zM48 212.2V384c0 8.8 7.2 16 16 16H448c8.8 0 16-7.2 16-16V212.2L322 328.8c-38.4 31.5-93.7 31.5-132 0L48 212.2zM0 128C0 92.7 28.7 64 64 64H448c35.3 0 64 28.7 64 64V384c0 35.3-28.7 64-64 64H64c-35.3 0-64-28.7-64-64V128z\"\/><\/svg>\n      <\/span>\n      <span class='bde-icon-list__text' >\n      shurygin.andrey@releaseprint.com\n      <\/span>\n                  <\/a>\n\n      \n    <\/li>\n\n  <\/ul>\n\n<\/div>\n<\/div><div class=\"bde-column-280-230 bde-column\">\n  \n  \n\t\n\n\n\n<img decoding=\"async\" class=\"bde-image2-280-231 bde-image2\" src=\"https:\/\/releaseprint.hu\/wp-content\/uploads\/2026\/02\/16f3ace8-56b5-4e82-b475-2324c10e03fb-scaled.jpg\" srcset=\"https:\/\/releaseprint.hu\/wp-content\/uploads\/2026\/02\/16f3ace8-56b5-4e82-b475-2324c10e03fb-scaled.jpg 2560w, https:\/\/releaseprint.hu\/wp-content\/uploads\/2026\/02\/16f3ace8-56b5-4e82-b475-2324c10e03fb-300x300.jpg 300w, https:\/\/releaseprint.hu\/wp-content\/uploads\/2026\/02\/16f3ace8-56b5-4e82-b475-2324c10e03fb-1024x1024.jpg 1024w, https:\/\/releaseprint.hu\/wp-content\/uploads\/2026\/02\/16f3ace8-56b5-4e82-b475-2324c10e03fb-150x150.jpg 150w, https:\/\/releaseprint.hu\/wp-content\/uploads\/2026\/02\/16f3ace8-56b5-4e82-b475-2324c10e03fb-768x768.jpg 768w, https:\/\/releaseprint.hu\/wp-content\/uploads\/2026\/02\/16f3ace8-56b5-4e82-b475-2324c10e03fb-1536x1536.jpg 1536w, https:\/\/releaseprint.hu\/wp-content\/uploads\/2026\/02\/16f3ace8-56b5-4e82-b475-2324c10e03fb-2048x2048.jpg 2048w\" sizes=\"(max-width: 2560px) 100vw, 2560px\"><h3 class=\"bde-heading-280-232 bde-heading\">\nNovak Zsuzsanna\n<\/h3><div class=\"bde-text-280-233 bde-text\">\nSales manager\n<\/div><div class=\"bde-icon-list-280-234 bde-icon-list\">\n<ul>\n  \n              \n    <li>\n                      \n            \n            \n\n    \n    \n    \n    \n    \n    <a class=\"breakdance-link bde-icon-list__item-wrapper\" href=\"tel:06 30 555 2211\" target=\"_self\" data-type=\"url\"  >\n\n      \n      <span class='bde-icon-list__icon'>\n        <svg xmlns=\"http:\/\/www.w3.org\/2000\/svg\" id=\"icon-phone\" viewbox=\"0 0 32 32\">\n<path d=\"M22 20c-2 2-2 4-4 4s-4-2-6-4-4-4-4-6 2-2 4-4-4-8-6-8-6 6-6 6c0 4 4.109 12.109 8 16s12 8 16 8c0 0 6-4 6-6s-6-8-8-6z\"\/>\n<\/svg>\n      <\/span>\n      <span class='bde-icon-list__text' >\n      06 30 555 2211\n      <\/span>\n                  <\/a>\n\n      \n    <\/li>\n\n  \n              \n    <li>\n                      \n            \n            \n\n    \n    \n    \n    \n    \n    <a class=\"breakdance-link bde-icon-list__item-wrapper\" href=\"mailto:novak.zsuzsanna@releaseprint.com\" target=\"_self\" data-type=\"url\"  >\n\n      \n      <span class='bde-icon-list__icon'>\n        <svg xmlns=\"http:\/\/www.w3.org\/2000\/svg\" viewbox=\"0 0 512 512\"><!--! Font Awesome Free 6.5.1 by @fontawesome - https:\/\/fontawesome.com License - https:\/\/fontawesome.com\/license\/free (Icons: CC BY 4.0, Fonts: SIL OFL 1.1, Code: MIT License) Copyright 2023 Fonticons, Inc. --><path d=\"M64 112c-8.8 0-16 7.2-16 16v22.1L220.5 291.7c20.7 17 50.4 17 71.1 0L464 150.1V128c0-8.8-7.2-16-16-16H64zM48 212.2V384c0 8.8 7.2 16 16 16H448c8.8 0 16-7.2 16-16V212.2L322 328.8c-38.4 31.5-93.7 31.5-132 0L48 212.2zM0 128C0 92.7 28.7 64 64 64H448c35.3 0 64 28.7 64 64V384c0 35.3-28.7 64-64 64H64c-35.3 0-64-28.7-64-64V128z\"\/><\/svg>\n      <\/span>\n      <span class='bde-icon-list__text' >\n      novak.zsuzsanna@releaseprint.com\n      <\/span>\n                  <\/a>\n\n      \n    <\/li>\n\n  <\/ul>\n\n<\/div>\n<\/div><div class=\"bde-column-280-225 bde-column\">\n  \n  \n\t\n\n\n\n<img decoding=\"async\" class=\"bde-image2-280-226 bde-image2\" src=\"https:\/\/releaseprint.hu\/wp-content\/uploads\/2026\/03\/Kopornoky-Istvan-scaled-1.jpg\" srcset=\"https:\/\/releaseprint.hu\/wp-content\/uploads\/2026\/03\/Kopornoky-Istvan-scaled-1.jpg 2560w, https:\/\/releaseprint.hu\/wp-content\/uploads\/2026\/03\/Kopornoky-Istvan-scaled-1-300x300.jpg 300w, https:\/\/releaseprint.hu\/wp-content\/uploads\/2026\/03\/Kopornoky-Istvan-scaled-1-1024x1024.jpg 1024w, https:\/\/releaseprint.hu\/wp-content\/uploads\/2026\/03\/Kopornoky-Istvan-scaled-1-150x150.jpg 150w, https:\/\/releaseprint.hu\/wp-content\/uploads\/2026\/03\/Kopornoky-Istvan-scaled-1-768x768.jpg 768w, https:\/\/releaseprint.hu\/wp-content\/uploads\/2026\/03\/Kopornoky-Istvan-scaled-1-1536x1536.jpg 1536w, https:\/\/releaseprint.hu\/wp-content\/uploads\/2026\/03\/Kopornoky-Istvan-scaled-1-2048x2048.jpg 2048w\" sizes=\"(max-width: 2560px) 100vw, 2560px\"><h3 class=\"bde-heading-280-227 bde-heading\">\nKopornoky Istv\u00e1n\n<\/h3><div class=\"bde-text-280-228 bde-text\">\nSales manager\n<\/div><div class=\"bde-icon-list-280-236 bde-icon-list\">\n<ul>\n  \n              \n    <li>\n                      \n            \n            \n\n    \n    \n    \n    \n    \n    <a class=\"breakdance-link bde-icon-list__item-wrapper\" href=\"tel:06 20 611 7797\" target=\"_self\" data-type=\"url\"  >\n\n      \n      <span class='bde-icon-list__icon'>\n        <svg xmlns=\"http:\/\/www.w3.org\/2000\/svg\" id=\"icon-phone\" viewbox=\"0 0 32 32\">\n<path d=\"M22 20c-2 2-2 4-4 4s-4-2-6-4-4-4-4-6 2-2 4-4-4-8-6-8-6 6-6 6c0 4 4.109 12.109 8 16s12 8 16 8c0 0 6-4 6-6s-6-8-8-6z\"\/>\n<\/svg>\n      <\/span>\n      <span class='bde-icon-list__text' >\n      06 20 611 7797\n      <\/span>\n                  <\/a>\n\n      \n    <\/li>\n\n  \n              \n    <li>\n                      \n            \n            \n\n    \n    \n    \n    \n    \n    <a class=\"breakdance-link bde-icon-list__item-wrapper\" href=\"mailto:kopornoky.istvan@releaseprint.com\" target=\"_self\" data-type=\"url\"  >\n\n      \n      <span class='bde-icon-list__icon'>\n        <svg xmlns=\"http:\/\/www.w3.org\/2000\/svg\" viewbox=\"0 0 512 512\"><!--! Font Awesome Free 6.5.1 by @fontawesome - https:\/\/fontawesome.com License - https:\/\/fontawesome.com\/license\/free (Icons: CC BY 4.0, Fonts: SIL OFL 1.1, Code: MIT License) Copyright 2023 Fonticons, Inc. --><path d=\"M64 112c-8.8 0-16 7.2-16 16v22.1L220.5 291.7c20.7 17 50.4 17 71.1 0L464 150.1V128c0-8.8-7.2-16-16-16H64zM48 212.2V384c0 8.8 7.2 16 16 16H448c8.8 0 16-7.2 16-16V212.2L322 328.8c-38.4 31.5-93.7 31.5-132 0L48 212.2zM0 128C0 92.7 28.7 64 64 64H448c35.3 0 64 28.7 64 64V384c0 35.3-28.7 64-64 64H64c-35.3 0-64-28.7-64-64V128z\"\/><\/svg>\n      <\/span>\n      <span class='bde-icon-list__text' >\n      kopornoky.istvan@releaseprint.com\n      <\/span>\n                  <\/a>\n\n      \n    <\/li>\n\n  <\/ul>\n\n<\/div>\n<\/div><div class=\"bde-column-280-220 bde-column\">\n  \n  \n\t\n\n\n\n<img decoding=\"async\" class=\"bde-image2-280-221 bde-image2\" src=\"https:\/\/releaseprint.hu\/wp-content\/uploads\/2026\/03\/Lengyel-Erika-scaled-1.jpg\" srcset=\"https:\/\/releaseprint.hu\/wp-content\/uploads\/2026\/03\/Lengyel-Erika-scaled-1.jpg 2560w, https:\/\/releaseprint.hu\/wp-content\/uploads\/2026\/03\/Lengyel-Erika-scaled-1-300x300.jpg 300w, https:\/\/releaseprint.hu\/wp-content\/uploads\/2026\/03\/Lengyel-Erika-scaled-1-1024x1024.jpg 1024w, https:\/\/releaseprint.hu\/wp-content\/uploads\/2026\/03\/Lengyel-Erika-scaled-1-150x150.jpg 150w, https:\/\/releaseprint.hu\/wp-content\/uploads\/2026\/03\/Lengyel-Erika-scaled-1-768x768.jpg 768w, https:\/\/releaseprint.hu\/wp-content\/uploads\/2026\/03\/Lengyel-Erika-scaled-1-1536x1536.jpg 1536w, https:\/\/releaseprint.hu\/wp-content\/uploads\/2026\/03\/Lengyel-Erika-scaled-1-2048x2048.jpg 2048w\" sizes=\"(max-width: 2560px) 100vw, 2560px\"><h3 class=\"bde-heading-280-222 bde-heading\">\nLengyel Erika\n<\/h3><div class=\"bde-text-280-223 bde-text\">\nAdministration \/ Billing\n<\/div><div class=\"bde-icon-list-280-237 bde-icon-list\">\n<ul>\n  \n              \n    <li>\n                      \n            \n            \n\n    \n    \n    \n    \n    \n    <a class=\"breakdance-link bde-icon-list__item-wrapper\" href=\"tel:06 30 336 7916\" target=\"_self\" data-type=\"url\"  >\n\n      \n      <span class='bde-icon-list__icon'>\n        <svg xmlns=\"http:\/\/www.w3.org\/2000\/svg\" id=\"icon-phone\" viewbox=\"0 0 32 32\">\n<path d=\"M22 20c-2 2-2 4-4 4s-4-2-6-4-4-4-4-6 2-2 4-4-4-8-6-8-6 6-6 6c0 4 4.109 12.109 8 16s12 8 16 8c0 0 6-4 6-6s-6-8-8-6z\"\/>\n<\/svg>\n      <\/span>\n      <span class='bde-icon-list__text' >\n      06 30 336 7916\n      <\/span>\n                  <\/a>\n\n      \n    <\/li>\n\n  \n              \n    <li>\n                      \n            \n            \n\n    \n    \n    \n    \n    \n    <a class=\"breakdance-link bde-icon-list__item-wrapper\" href=\"mailto:lengyel.erika@releaseprint.com\" target=\"_self\" data-type=\"url\"  >\n\n      \n      <span class='bde-icon-list__icon'>\n        <svg xmlns=\"http:\/\/www.w3.org\/2000\/svg\" viewbox=\"0 0 512 512\"><!--! Font Awesome Free 6.5.1 by @fontawesome - https:\/\/fontawesome.com License - https:\/\/fontawesome.com\/license\/free (Icons: CC BY 4.0, Fonts: SIL OFL 1.1, Code: MIT License) Copyright 2023 Fonticons, Inc. --><path d=\"M64 112c-8.8 0-16 7.2-16 16v22.1L220.5 291.7c20.7 17 50.4 17 71.1 0L464 150.1V128c0-8.8-7.2-16-16-16H64zM48 212.2V384c0 8.8 7.2 16 16 16H448c8.8 0 16-7.2 16-16V212.2L322 328.8c-38.4 31.5-93.7 31.5-132 0L48 212.2zM0 128C0 92.7 28.7 64 64 64H448c35.3 0 64 28.7 64 64V384c0 35.3-28.7 64-64 64H64c-35.3 0-64-28.7-64-64V128z\"\/><\/svg>\n      <\/span>\n      <span class='bde-icon-list__text' >\n      lengyel.erika@releaseprint.com\n      <\/span>\n                  <\/a>\n\n      \n    <\/li>\n\n  <\/ul>\n\n<\/div>\n<\/div><\/div><\/div>\n<\/section>","protected":false},"excerpt":{"rendered":"<p>R\u00f3lunk K\u00f6lts\u00e9ghat\u00e9konys\u00e1g \u00dcgyf\u00e9lk\u00f6zpont\u00fas\u00e1g K\u00f6rnyezettudatoss\u00e1g Mi abban hisz\u00fcnk, hogy egy megb\u00edzhat\u00f3 pr\u00e9mium nyomtat\u00f3nak vagy f\u00e9nym\u00e1sol\u00f3nak nem kell egy vagyonba ker\u00fclnie.Az\u00e9rt dolgozunk, hogy neked ne kelljen v\u00e1lasztanod a min\u0151s\u00e9g \u00e9s a k\u00f6lts\u00e9ghat\u00e9konys\u00e1g k\u00f6z\u00f6tt.Mit csin\u00e1lunk konkr\u00e9tan?Pr\u00e9mium nyomtat\u00f3knak \u00e9s f\u00e9nym\u00e1sol\u00f3knak adunk \u00faj \u00e9letet: fel\u00faj\u00edtjuk, tesztelj\u00fck, tiszt\u00edtjuk, \u00e9s csak akkor engedj\u00fck ki a kez\u00fcnkb\u0151l, ha t\u00f6k\u00e9letesen m\u0171k\u00f6dnek.Emellett gy\u00e1ri, alig haszn\u00e1lt [&hellip;]<\/p>\n","protected":false},"author":255,"featured_media":0,"parent":0,"menu_order":0,"comment_status":"closed","ping_status":"closed","template":"","meta":{"_acf_changed":false,"_breakdance_hide_in_design_set":false,"_breakdance_tags":"","footnotes":""},"class_list":["post-280","page","type-page","status-publish","hentry"],"acf":[],"_links":{"self":[{"href":"https:\/\/releaseprint.hu\/en\/wp-json\/wp\/v2\/pages\/280","targetHints":{"allow":["GET"]}}],"collection":[{"href":"https:\/\/releaseprint.hu\/en\/wp-json\/wp\/v2\/pages"}],"about":[{"href":"https:\/\/releaseprint.hu\/en\/wp-json\/wp\/v2\/types\/page"}],"author":[{"embeddable":true,"href":"https:\/\/releaseprint.hu\/en\/wp-json\/wp\/v2\/users\/255"}],"replies":[{"embeddable":true,"href":"https:\/\/releaseprint.hu\/en\/wp-json\/wp\/v2\/comments?post=280"}],"version-history":[{"count":3,"href":"https:\/\/releaseprint.hu\/en\/wp-json\/wp\/v2\/pages\/280\/revisions"}],"predecessor-version":[{"id":4533,"href":"https:\/\/releaseprint.hu\/en\/wp-json\/wp\/v2\/pages\/280\/revisions\/4533"}],"wp:attachment":[{"href":"https:\/\/releaseprint.hu\/en\/wp-json\/wp\/v2\/media?parent=280"}],"curies":[{"name":"wp","href":"https:\/\/api.w.org\/{rel}","templated":true}]}}